{"id":629,"date":"2018-03-07T00:39:50","date_gmt":"2018-03-06T23:39:50","guid":{"rendered":"http:\/\/shop.mittgard.de\/?product=import-placeholder-for-44"},"modified":"2026-03-25T10:36:16","modified_gmt":"2026-03-25T09:36:16","slug":"lavendel-50-g","status":"publish","type":"product","link":"https:\/\/shop.mittgard.de\/?product=lavendel-50-g","title":{"rendered":"Lavendel, Bl\u00fcten, ganz (50 g)"},"content":{"rendered":"<p>Bl\u00fcten, blau, ganz<\/p>\n<p>bei Unruhezust\u00e4nden, Einschlafst\u00f6rungen, Appetitlosigkeit, sowie bei funktionellen Oberbauchbeschwerden wie nerv\u00f6sen Reizmagen, Meteorismus, nerv\u00f6sen Darmbeschwerden<\/p>\n<hr \/>\n<blockquote>\n<pre><span style=\"font-family: georgia, palatino, serif; font-size: 14pt;\">\"Wider alle kalte gebresten des hirns und der Sennaden\r\n  als do ist der schwindel\r\n  gantze vnd halbe schlag\r\n  der fallend siechtag\r\n  die schlaffsucht\r\n  krampff\r\n  zittern\r\n  contract vnd l\u00e4me\r\n\r\n Sie erw\u00e4rmen den bl\u00f6den kalten magen\r\n  zerteylen die Winde.\r\n  Treiben den harn\r\n  der weiberzeit\r\n  das b\u00fcrdle vnd erwermen die mutter.\r\n\r\n Oeffnen die verstopffte Leber vnd miltz\r\n  benemen also die geelsucht\r\n  vnd anhebende wasserseuch.\r\n\r\n Lavendel in wein gelegt\r\n  dieser in mund genommen\r\n  stillet den schmertz der zan\r\n  bringet die verlegene sprach widerumb.\r\n  Ist duch gutt\r\n  die lamen\r\n  kalten glieder damit gerieben.\"\r\n\r\nanno 1563, Matthiolus<\/span><\/pre>\n<\/blockquote>\n<p>&nbsp;<\/p>\n\r\n\t<a class=\"paoc-popup-click paoc-popup-cust-523 paoc-popup-simple_link paoc-popup-link\" href=\"javascript:void(0);\">Unser Tipp: Lavendelkekse<\/a>\r\n\r\n\n<p>&nbsp;<\/p>\n","protected":false},"excerpt":{"rendered":"<p>Bl\u00fcten, blau, ganz bei Unruhezust\u00e4nden, Einschlafst\u00f6rungen, Appetitlosigkeit, sowie bei funktionellen Oberbauchbeschwerden wie nerv\u00f6sen Reizmagen, Meteorismus, nerv\u00f6sen Darmbeschwerden &#8222;Wider alle kalte gebresten des hirns und der Sennaden als do ist der schwindel gantze vnd halbe schlag der fallend siechtag die schlaffsucht krampff zittern contract vnd l\u00e4me Sie erw\u00e4rmen den bl\u00f6den kalten magen zerteylen die Winde. Treiben &hellip; <\/p>\n<p class=\"link-more\"><a href=\"https:\/\/shop.mittgard.de\/?product=lavendel-50-g\" class=\"more-link\"><span class=\"screen-reader-text\">\u201eLavendel, Bl\u00fcten, ganz (50 g)\u201c <\/span>weiterlesen<\/a><\/p>\n","protected":false},"featured_media":519,"template":"","meta":[],"product_brand":[],"product_cat":[17,16],"product_tag":[34],"class_list":{"0":"post-629","1":"product","2":"type-product","3":"status-publish","4":"has-post-thumbnail","6":"product_cat-arzneikraeuter","7":"product_cat-kraeuter","8":"product_tag-beruhigend","9":"product_shipping_class-paket","11":"first","12":"instock","13":"taxable","14":"shipping-taxable","15":"purchasable","16":"product-type-simple"},"_links":{"self":[{"href":"https:\/\/shop.mittgard.de\/index.php?rest_route=\/wp\/v2\/product\/629","targetHints":{"allow":["GET"]}}],"collection":[{"href":"https:\/\/shop.mittgard.de\/index.php?rest_route=\/wp\/v2\/product"}],"about":[{"href":"https:\/\/shop.mittgard.de\/index.php?rest_route=\/wp\/v2\/types\/product"}],"wp:featuredmedia":[{"embeddable":true,"href":"https:\/\/shop.mittgard.de\/index.php?rest_route=\/wp\/v2\/media\/519"}],"wp:attachment":[{"href":"https:\/\/shop.mittgard.de\/index.php?rest_route=%2Fwp%2Fv2%2Fmedia&parent=629"}],"wp:term":[{"taxonomy":"product_brand","embeddable":true,"href":"https:\/\/shop.mittgard.de\/index.php?rest_route=%2Fwp%2Fv2%2Fproduct_brand&post=629"},{"taxonomy":"product_cat","embeddable":true,"href":"https:\/\/shop.mittgard.de\/index.php?rest_route=%2Fwp%2Fv2%2Fproduct_cat&post=629"},{"taxonomy":"product_tag","embeddable":true,"href":"https:\/\/shop.mittgard.de\/index.php?rest_route=%2Fwp%2Fv2%2Fproduct_tag&post=629"}],"curies":[{"name":"wp","href":"https:\/\/api.w.org\/{rel}","templated":true}]}}