{"id":632,"date":"2018-03-07T00:39:50","date_gmt":"2018-03-06T23:39:50","guid":{"rendered":"http:\/\/shop.mittgard.de\/?product=import-placeholder-for-47"},"modified":"2026-03-25T10:41:41","modified_gmt":"2026-03-25T09:41:41","slug":"loewenzahn-100g","status":"publish","type":"product","link":"https:\/\/shop.mittgard.de\/?product=loewenzahn-100g","title":{"rendered":"L\u00f6wenzahn, Wurzel &#038; Kraut, geschnitten (100g)"},"content":{"rendered":"<p>Wurzel mit Kraut, geschnitten<\/p>\n<p>bei St\u00f6rungen im Bereich des Galleabflusses, Magen- &amp; Darmbeschwerden wie V\u00f6llegef\u00fchl, Bl\u00e4hungen &amp; Verdauungsbeschwerden, zur Erh\u00f6hung der Harnmenge bei Herbst- &amp; Fr\u00fchjahrskuren; nicht verwenden bei Entz\u00fcndungen oder Verschlu\u00df der Gallenwege sowie Darmverschlu\u00df<\/p>\n\r\n\t<a class=\"paoc-popup-click paoc-popup-cust-7459 paoc-popup-simple_link paoc-popup-link\" href=\"javascript:void(0);\">Geschichtliches samt Rezept<\/a>\r\n\r\n\n","protected":false},"excerpt":{"rendered":"<p>Wurzel mit Kraut, geschnitten bei St\u00f6rungen im Bereich des Galleabflusses, Magen- &amp; Darmbeschwerden wie V\u00f6llegef\u00fchl, Bl\u00e4hungen &amp; Verdauungsbeschwerden, zur Erh\u00f6hung der Harnmenge bei Herbst- &amp; Fr\u00fchjahrskuren; nicht verwenden bei Entz\u00fcndungen oder Verschlu\u00df der Gallenwege sowie Darmverschlu\u00df<\/p>\n","protected":false},"featured_media":1628,"template":"","meta":[],"product_brand":[],"product_cat":[17,16],"product_tag":[75,66],"class_list":{"0":"post-632","1":"product","2":"type-product","3":"status-publish","4":"has-post-thumbnail","6":"product_cat-arzneikraeuter","7":"product_cat-kraeuter","8":"product_tag-harntreibend","9":"product_tag-verdauungsfoerdernd","10":"product_shipping_class-paket","12":"first","13":"instock","14":"taxable","15":"shipping-taxable","16":"purchasable","17":"product-type-simple"},"_links":{"self":[{"href":"https:\/\/shop.mittgard.de\/index.php?rest_route=\/wp\/v2\/product\/632","targetHints":{"allow":["GET"]}}],"collection":[{"href":"https:\/\/shop.mittgard.de\/index.php?rest_route=\/wp\/v2\/product"}],"about":[{"href":"https:\/\/shop.mittgard.de\/index.php?rest_route=\/wp\/v2\/types\/product"}],"wp:featuredmedia":[{"embeddable":true,"href":"https:\/\/shop.mittgard.de\/index.php?rest_route=\/wp\/v2\/media\/1628"}],"wp:attachment":[{"href":"https:\/\/shop.mittgard.de\/index.php?rest_route=%2Fwp%2Fv2%2Fmedia&parent=632"}],"wp:term":[{"taxonomy":"product_brand","embeddable":true,"href":"https:\/\/shop.mittgard.de\/index.php?rest_route=%2Fwp%2Fv2%2Fproduct_brand&post=632"},{"taxonomy":"product_cat","embeddable":true,"href":"https:\/\/shop.mittgard.de\/index.php?rest_route=%2Fwp%2Fv2%2Fproduct_cat&post=632"},{"taxonomy":"product_tag","embeddable":true,"href":"https:\/\/shop.mittgard.de\/index.php?rest_route=%2Fwp%2Fv2%2Fproduct_tag&post=632"}],"curies":[{"name":"wp","href":"https:\/\/api.w.org\/{rel}","templated":true}]}}