{"id":636,"date":"2018-03-07T00:39:51","date_gmt":"2018-03-06T23:39:51","guid":{"rendered":"http:\/\/shop.mittgard.de\/?product=import-placeholder-for-51"},"modified":"2026-03-25T10:42:48","modified_gmt":"2026-03-25T09:42:48","slug":"maedesuess-100g","status":"publish","type":"product","link":"https:\/\/shop.mittgard.de\/?product=maedesuess-100g","title":{"rendered":"M\u00e4des\u00fc\u00df, Bl\u00fcten, gerebelt (100g)"},"content":{"rendered":"<p>Bl\u00fcten, gerebelt<\/p>\n<p>schwei\u00dftreibender Tee bei fiebrigen Erk\u00e4ltungskrankheiten, zur Erh\u00f6hung der Harnmenge<\/p>\n\r\n\t<a class=\"paoc-popup-click paoc-popup-cust-9105 paoc-popup-simple_link paoc-popup-link\" href=\"javascript:void(0);\">Geschichtliches<\/a>\r\n\r\n\n","protected":false},"excerpt":{"rendered":"<p>Bl\u00fcten, gerebelt schwei\u00dftreibender Tee bei fiebrigen Erk\u00e4ltungskrankheiten, zur Erh\u00f6hung der Harnmenge<\/p>\n","protected":false},"featured_media":1089,"template":"","meta":[],"product_brand":[],"product_cat":[17,16],"product_tag":[75,78],"class_list":{"0":"post-636","1":"product","2":"type-product","3":"status-publish","4":"has-post-thumbnail","6":"product_cat-arzneikraeuter","7":"product_cat-kraeuter","8":"product_tag-harntreibend","9":"product_tag-schweisstreibend","10":"product_shipping_class-paket","12":"first","13":"instock","14":"taxable","15":"shipping-taxable","16":"purchasable","17":"product-type-simple"},"_links":{"self":[{"href":"https:\/\/shop.mittgard.de\/index.php?rest_route=\/wp\/v2\/product\/636","targetHints":{"allow":["GET"]}}],"collection":[{"href":"https:\/\/shop.mittgard.de\/index.php?rest_route=\/wp\/v2\/product"}],"about":[{"href":"https:\/\/shop.mittgard.de\/index.php?rest_route=\/wp\/v2\/types\/product"}],"wp:featuredmedia":[{"embeddable":true,"href":"https:\/\/shop.mittgard.de\/index.php?rest_route=\/wp\/v2\/media\/1089"}],"wp:attachment":[{"href":"https:\/\/shop.mittgard.de\/index.php?rest_route=%2Fwp%2Fv2%2Fmedia&parent=636"}],"wp:term":[{"taxonomy":"product_brand","embeddable":true,"href":"https:\/\/shop.mittgard.de\/index.php?rest_route=%2Fwp%2Fv2%2Fproduct_brand&post=636"},{"taxonomy":"product_cat","embeddable":true,"href":"https:\/\/shop.mittgard.de\/index.php?rest_route=%2Fwp%2Fv2%2Fproduct_cat&post=636"},{"taxonomy":"product_tag","embeddable":true,"href":"https:\/\/shop.mittgard.de\/index.php?rest_route=%2Fwp%2Fv2%2Fproduct_tag&post=636"}],"curies":[{"name":"wp","href":"https:\/\/api.w.org\/{rel}","templated":true}]}}