{"id":638,"date":"2018-03-07T00:39:51","date_gmt":"2018-03-06T23:39:51","guid":{"rendered":"http:\/\/shop.mittgard.de\/?product=import-placeholder-for-53"},"modified":"2026-03-25T10:47:29","modified_gmt":"2026-03-25T09:47:29","slug":"passionsblume-100g","status":"publish","type":"product","link":"https:\/\/shop.mittgard.de\/?product=passionsblume-100g","title":{"rendered":"Passionsblume, Kraut, geschnitten (100g)"},"content":{"rendered":"<p>Kraut, geschnitten<\/p>\n<p>bei nerv\u00f6sen Unruhezust\u00e4nden<\/p>\n<pre class=\"western\"><span style=\"font-family: georgia, palatino, serif; font-size: 14pt;\"><strong><u>Rezept wider Angst &amp; Stre\u00df<\/u><\/strong>\r\n\r\n<strong><u>1. Rezeptur:<\/u><\/strong>\r\n\r\n30 g Passionsblume\r\n20 g Lavendel\r\n20 g Kamille\r\n20 g Wei\u00dfdorn\r\n\r\n1 EL Gemisch auf \u00bc l kochendes Wasser, 10 min ziehen lassen,\r\nabseihen\r\nT\u00e4glich 2 Tassen trinken.\r\n\r\n<strong><u>2. Rezeptur:<\/u><\/strong>\r\n\r\n40 g Baldrianwurzel\r\n30 g Passionsblume\r\n30 g Wei\u00dfdorn\r\n20 g Lavendel\r\n30 g Pfefferminze\r\n\r\n2 EL Gemisch auf \u00bd l Wasser 3 min kochen lassen &amp; abseihen.\r\nT\u00e4glich 3 Gl\u00e4schen zwischen den Mahlzeiten. Das letzte vor\r\ndem Schlafengehen f\u00fcr einen ruhigen Schlaf.<\/span><\/pre>\n<ul>\n<li style=\"list-style-type: none;\">\n<pre><span style=\"font-family: georgia, palatino, serif; font-size: 14pt;\"><strong>Wider dem nerv\u00f6sen Kopfschmerz<\/strong>\r\n\r\n10 g Passionsblume\r\n5 g Baldrianwurzel\r\n10 g Ginster\r\n10 g Weidenrinde\r\n20 g Kamille\r\n\r\nDas ganze Gemisch wird auf 1 l Wasser 10 min lang gekocht,\r\nabgeseiht und anschlie\u00dfend mit Honig ges\u00fc\u00dft. \r\nAm Tag sollte man zwischen den Mahlzeiten je 1 Lik\u00f6rglas \r\ndavon trinken - also 3x am Tag.<\/span><\/pre>\n<\/li>\n<\/ul>\n<p><u>\u00a0<\/u><\/p>\n","protected":false},"excerpt":{"rendered":"<p>Kraut, geschnitten bei nerv\u00f6sen Unruhezust\u00e4nden Rezept wider Angst &amp; Stre\u00df 1. Rezeptur: 30 g Passionsblume 20 g Lavendel 20 g Kamille 20 g Wei\u00dfdorn 1 EL Gemisch auf \u00bc l kochendes Wasser, 10 min ziehen lassen, abseihen T\u00e4glich 2 Tassen trinken. 2. Rezeptur: 40 g Baldrianwurzel 30 g Passionsblume 30 g Wei\u00dfdorn 20 g Lavendel &hellip; <\/p>\n<p class=\"link-more\"><a href=\"https:\/\/shop.mittgard.de\/?product=passionsblume-100g\" class=\"more-link\"><span class=\"screen-reader-text\">\u201ePassionsblume, Kraut, geschnitten (100g)\u201c <\/span>weiterlesen<\/a><\/p>\n","protected":false},"featured_media":1627,"template":"","meta":[],"product_brand":[],"product_cat":[17,16],"product_tag":[34],"class_list":{"0":"post-638","1":"product","2":"type-product","3":"status-publish","4":"has-post-thumbnail","6":"product_cat-arzneikraeuter","7":"product_cat-kraeuter","8":"product_tag-beruhigend","9":"product_shipping_class-paket","11":"first","12":"instock","13":"taxable","14":"shipping-taxable","15":"purchasable","16":"product-type-simple"},"_links":{"self":[{"href":"https:\/\/shop.mittgard.de\/index.php?rest_route=\/wp\/v2\/product\/638","targetHints":{"allow":["GET"]}}],"collection":[{"href":"https:\/\/shop.mittgard.de\/index.php?rest_route=\/wp\/v2\/product"}],"about":[{"href":"https:\/\/shop.mittgard.de\/index.php?rest_route=\/wp\/v2\/types\/product"}],"wp:featuredmedia":[{"embeddable":true,"href":"https:\/\/shop.mittgard.de\/index.php?rest_route=\/wp\/v2\/media\/1627"}],"wp:attachment":[{"href":"https:\/\/shop.mittgard.de\/index.php?rest_route=%2Fwp%2Fv2%2Fmedia&parent=638"}],"wp:term":[{"taxonomy":"product_brand","embeddable":true,"href":"https:\/\/shop.mittgard.de\/index.php?rest_route=%2Fwp%2Fv2%2Fproduct_brand&post=638"},{"taxonomy":"product_cat","embeddable":true,"href":"https:\/\/shop.mittgard.de\/index.php?rest_route=%2Fwp%2Fv2%2Fproduct_cat&post=638"},{"taxonomy":"product_tag","embeddable":true,"href":"https:\/\/shop.mittgard.de\/index.php?rest_route=%2Fwp%2Fv2%2Fproduct_tag&post=638"}],"curies":[{"name":"wp","href":"https:\/\/api.w.org\/{rel}","templated":true}]}}