{"id":639,"date":"2018-03-07T00:39:51","date_gmt":"2018-03-06T23:39:51","guid":{"rendered":"http:\/\/shop.mittgard.de\/?product=import-placeholder-for-54"},"modified":"2026-03-25T10:48:47","modified_gmt":"2026-03-25T09:48:47","slug":"pfefferminze-100g","status":"publish","type":"product","link":"https:\/\/shop.mittgard.de\/?product=pfefferminze-100g","title":{"rendered":"Pfefferminze, Bl\u00e4tter, geschnitten (100g)"},"content":{"rendered":"<p>Bl\u00e4tter, geschnitten<\/p>\n<p>bei krampfartigen Beschwerden im Magen-Darm-Bereich sowie der Gallenblase &amp; der Gallenwege, nicht anwenden bei Gallensteinen<\/p>\n<pre><span style=\"font-family: georgia, palatino, serif; font-size: 14pt;\"><strong>Kart\u00e4userlik\u00f6r \"Charteuse\"<\/strong>\r\n\r\n50 g Zitronenmelisse\r\n40 g Angelikawurzel\r\n8 g Thymian\r\n4 g Arnikabl\u00fcten\r\n50 g Pfefferminze\r\n5 g Ysop\r\n5 g Wermut\r\n4 g gemahlener Zimt\r\n4 g ganze Muskatbl\u00fcte\r\n1 l 50%iger Alkohol\r\n\r\nAlles in 1 gro\u00dfes Glas geben und 4 Wochen stehen lassen, \r\ngelegentlich sch\u00fctteln &amp; abseihen. Ergibt einen vorz\u00fcglichen\r\nMagenbitter von dem man 1 TL vor dem Essen einnehmen sollte.\r\n\r\nDieser Ansatz wird zum Lik\u00f6r weiterverarbeitet mit:\r\n\r\n800 g Zucker\r\n1 l Wasser\r\n250 ml 90%igem Alkohol\r\n\r\nDaf\u00fcr wird das Wasser erhitzt und der Zucker einger\u00fchrt. \r\n15 min sprudelnd kochen lassen und dabei den Schaum abl\u00f6ffeln.\r\nEinige Tropfen Zitronensaft hinzugeben. Noch hei\u00df durch ein\r\nTuch seihen und mit dem 90%igen Alkohol &amp; dem Ansatz \r\nvermischen. In Flaschen f\u00fcllen, k\u00fchl lagern und nach etwa\r\n2 Monaten kann man den Lik\u00f6r genie\u00dfen.<\/span><\/pre>\n","protected":false},"excerpt":{"rendered":"<p>Bl\u00e4tter, geschnitten bei krampfartigen Beschwerden im Magen-Darm-Bereich sowie der Gallenblase &amp; der Gallenwege, nicht anwenden bei Gallensteinen Kart\u00e4userlik\u00f6r &#8222;Charteuse&#8220; 50 g Zitronenmelisse 40 g Angelikawurzel 8 g Thymian 4 g Arnikabl\u00fcten 50 g Pfefferminze 5 g Ysop 5 g Wermut 4 g gemahlener Zimt 4 g ganze Muskatbl\u00fcte 1 l 50%iger Alkohol Alles in 1 &hellip; <\/p>\n<p class=\"link-more\"><a href=\"https:\/\/shop.mittgard.de\/?product=pfefferminze-100g\" class=\"more-link\"><span class=\"screen-reader-text\">\u201ePfefferminze, Bl\u00e4tter, geschnitten (100g)\u201c <\/span>weiterlesen<\/a><\/p>\n","protected":false},"featured_media":1658,"template":"","meta":[],"product_brand":[],"product_cat":[17,16],"product_tag":[73],"class_list":{"0":"post-639","1":"product","2":"type-product","3":"status-publish","4":"has-post-thumbnail","6":"product_cat-arzneikraeuter","7":"product_cat-kraeuter","8":"product_tag-krampfloesend","9":"product_shipping_class-paket","11":"first","12":"instock","13":"taxable","14":"shipping-taxable","15":"purchasable","16":"product-type-simple"},"_links":{"self":[{"href":"https:\/\/shop.mittgard.de\/index.php?rest_route=\/wp\/v2\/product\/639","targetHints":{"allow":["GET"]}}],"collection":[{"href":"https:\/\/shop.mittgard.de\/index.php?rest_route=\/wp\/v2\/product"}],"about":[{"href":"https:\/\/shop.mittgard.de\/index.php?rest_route=\/wp\/v2\/types\/product"}],"wp:featuredmedia":[{"embeddable":true,"href":"https:\/\/shop.mittgard.de\/index.php?rest_route=\/wp\/v2\/media\/1658"}],"wp:attachment":[{"href":"https:\/\/shop.mittgard.de\/index.php?rest_route=%2Fwp%2Fv2%2Fmedia&parent=639"}],"wp:term":[{"taxonomy":"product_brand","embeddable":true,"href":"https:\/\/shop.mittgard.de\/index.php?rest_route=%2Fwp%2Fv2%2Fproduct_brand&post=639"},{"taxonomy":"product_cat","embeddable":true,"href":"https:\/\/shop.mittgard.de\/index.php?rest_route=%2Fwp%2Fv2%2Fproduct_cat&post=639"},{"taxonomy":"product_tag","embeddable":true,"href":"https:\/\/shop.mittgard.de\/index.php?rest_route=%2Fwp%2Fv2%2Fproduct_tag&post=639"}],"curies":[{"name":"wp","href":"https:\/\/api.w.org\/{rel}","templated":true}]}}