{"id":642,"date":"2018-03-07T00:39:51","date_gmt":"2018-03-06T23:39:51","guid":{"rendered":"http:\/\/shop.mittgard.de\/?product=import-placeholder-for-57"},"modified":"2026-03-25T10:53:06","modified_gmt":"2026-03-25T09:53:06","slug":"rosmarin-100g","status":"publish","type":"product","link":"https:\/\/shop.mittgard.de\/?product=rosmarin-100g","title":{"rendered":"Rosmarin, Bl\u00e4tter, geschnitten (100g)"},"content":{"rendered":"<p>Bl\u00e4tter, geschnitten<\/p>\n<p>innerlich bei leichten krampfartigen Magen-Darm-Galle-St\u00f6rungen wie V\u00f6llegef\u00fchl, &amp; Bl\u00e4hungen, \u00e4u\u00dferlich zur unterst\u00fctzenden Behandlung von Muskel- &amp; Gelenkrheumatismus<\/p>\n\r\n\t<a class=\"paoc-popup-click paoc-popup-cust-9109 paoc-popup-simple_link paoc-popup-link\" href=\"javascript:void(0);\">Geschichtliches samt Rezept<\/a>\r\n\r\n\n","protected":false},"excerpt":{"rendered":"<p>Bl\u00e4tter, geschnitten innerlich bei leichten krampfartigen Magen-Darm-Galle-St\u00f6rungen wie V\u00f6llegef\u00fchl, &amp; Bl\u00e4hungen, \u00e4u\u00dferlich zur unterst\u00fctzenden Behandlung von Muskel- &amp; Gelenkrheumatismus<\/p>\n","protected":false},"featured_media":1086,"template":"","meta":[],"product_brand":[],"product_cat":[17,16],"product_tag":[73,66],"class_list":{"0":"post-642","1":"product","2":"type-product","3":"status-publish","4":"has-post-thumbnail","6":"product_cat-arzneikraeuter","7":"product_cat-kraeuter","8":"product_tag-krampfloesend","9":"product_tag-verdauungsfoerdernd","10":"product_shipping_class-paket","12":"first","13":"instock","14":"taxable","15":"shipping-taxable","16":"purchasable","17":"product-type-simple"},"_links":{"self":[{"href":"https:\/\/shop.mittgard.de\/index.php?rest_route=\/wp\/v2\/product\/642","targetHints":{"allow":["GET"]}}],"collection":[{"href":"https:\/\/shop.mittgard.de\/index.php?rest_route=\/wp\/v2\/product"}],"about":[{"href":"https:\/\/shop.mittgard.de\/index.php?rest_route=\/wp\/v2\/types\/product"}],"wp:featuredmedia":[{"embeddable":true,"href":"https:\/\/shop.mittgard.de\/index.php?rest_route=\/wp\/v2\/media\/1086"}],"wp:attachment":[{"href":"https:\/\/shop.mittgard.de\/index.php?rest_route=%2Fwp%2Fv2%2Fmedia&parent=642"}],"wp:term":[{"taxonomy":"product_brand","embeddable":true,"href":"https:\/\/shop.mittgard.de\/index.php?rest_route=%2Fwp%2Fv2%2Fproduct_brand&post=642"},{"taxonomy":"product_cat","embeddable":true,"href":"https:\/\/shop.mittgard.de\/index.php?rest_route=%2Fwp%2Fv2%2Fproduct_cat&post=642"},{"taxonomy":"product_tag","embeddable":true,"href":"https:\/\/shop.mittgard.de\/index.php?rest_route=%2Fwp%2Fv2%2Fproduct_tag&post=642"}],"curies":[{"name":"wp","href":"https:\/\/api.w.org\/{rel}","templated":true}]}}