{"id":643,"date":"2018-03-07T00:39:51","date_gmt":"2018-03-06T23:39:51","guid":{"rendered":"http:\/\/shop.mittgard.de\/?product=import-placeholder-for-58"},"modified":"2026-03-25T10:55:20","modified_gmt":"2026-03-25T09:55:20","slug":"salbei-100g","status":"publish","type":"product","link":"https:\/\/shop.mittgard.de\/?product=salbei-100g","title":{"rendered":"Salbei, Bl\u00e4tter, geschnitten (100g)"},"content":{"rendered":"<p>Bl\u00e4tter, geschnitten<\/p>\n<p>innerlich bei leichten Kr\u00e4mpfen im Magen-Darm-Bereich, V\u00f6llegef\u00fchl, Bl\u00e4hungen, vermehrter Schwei\u00dfsekretion, zum Gurgeln bei Mund- &amp; Rachenschleimhautentz\u00fcndung<\/p>\n\r\n\t<a class=\"paoc-popup-click paoc-popup-cust-7339 paoc-popup-simple_link paoc-popup-link\" href=\"javascript:void(0);\">Geschichtliches samt Rezept<\/a>\r\n\r\n\n","protected":false},"excerpt":{"rendered":"<p>Bl\u00e4tter, geschnitten innerlich bei leichten Kr\u00e4mpfen im Magen-Darm-Bereich, V\u00f6llegef\u00fchl, Bl\u00e4hungen, vermehrter Schwei\u00dfsekretion, zum Gurgeln bei Mund- &amp; Rachenschleimhautentz\u00fcndung<\/p>\n","protected":false},"featured_media":1083,"template":"","meta":[],"product_brand":[],"product_cat":[17,16],"product_tag":[68,73,69],"class_list":{"0":"post-643","1":"product","2":"type-product","3":"status-publish","4":"has-post-thumbnail","6":"product_cat-arzneikraeuter","7":"product_cat-kraeuter","8":"product_tag-hustentee","9":"product_tag-krampfloesend","10":"product_tag-schweisshemmend","11":"product_shipping_class-paket","13":"first","14":"instock","15":"taxable","16":"shipping-taxable","17":"purchasable","18":"product-type-simple"},"_links":{"self":[{"href":"https:\/\/shop.mittgard.de\/index.php?rest_route=\/wp\/v2\/product\/643","targetHints":{"allow":["GET"]}}],"collection":[{"href":"https:\/\/shop.mittgard.de\/index.php?rest_route=\/wp\/v2\/product"}],"about":[{"href":"https:\/\/shop.mittgard.de\/index.php?rest_route=\/wp\/v2\/types\/product"}],"wp:featuredmedia":[{"embeddable":true,"href":"https:\/\/shop.mittgard.de\/index.php?rest_route=\/wp\/v2\/media\/1083"}],"wp:attachment":[{"href":"https:\/\/shop.mittgard.de\/index.php?rest_route=%2Fwp%2Fv2%2Fmedia&parent=643"}],"wp:term":[{"taxonomy":"product_brand","embeddable":true,"href":"https:\/\/shop.mittgard.de\/index.php?rest_route=%2Fwp%2Fv2%2Fproduct_brand&post=643"},{"taxonomy":"product_cat","embeddable":true,"href":"https:\/\/shop.mittgard.de\/index.php?rest_route=%2Fwp%2Fv2%2Fproduct_cat&post=643"},{"taxonomy":"product_tag","embeddable":true,"href":"https:\/\/shop.mittgard.de\/index.php?rest_route=%2Fwp%2Fv2%2Fproduct_tag&post=643"}],"curies":[{"name":"wp","href":"https:\/\/api.w.org\/{rel}","templated":true}]}}