{"id":645,"date":"2018-03-07T00:39:52","date_gmt":"2018-03-06T23:39:52","guid":{"rendered":"http:\/\/shop.mittgard.de\/?product=import-placeholder-for-60"},"modified":"2026-03-25T11:00:42","modified_gmt":"2026-03-25T10:00:42","slug":"schafgarbe-100g","status":"publish","type":"product","link":"https:\/\/shop.mittgard.de\/?product=schafgarbe-100g","title":{"rendered":"Schafgarbe, Kraut, geschnitten (100g)"},"content":{"rendered":"<p>Kraut, geschnitten<\/p>\n<p>bei leichten krampfartigen Magen-Darm-Gallenst\u00f6rungen, Magenkatarrh, appetitanregend; nicht anwenden bei \u00dcberempfindlichkeit gegen\u00fcber Korbbl\u00fctlern<\/p>\n<blockquote>\n<pre class=\"western\"><span style=\"font-family: Lucida Blackletter, cursive; font-size: 12pt;\">Schafgarbe<\/span>\r\n\r\n<span style=\"font-family: Lucida Blackletter, cursive; font-size: 12pt;\">Di\u00df Kraut ist einer widerwertigen natur<\/span>\r\n<span style=\"font-family: Lucida Blackletter, cursive; font-size: 12pt;\">Also<\/span>\r\n<span style=\"font-family: Lucida Blackletter, cursive; font-size: 12pt;\">Wo man di\u00df kraut zerknutscht<\/span>\r\n<span style=\"font-family: Lucida Blackletter, cursive; font-size: 12pt;\">Unnd das auff die blutigen wunden legt<\/span>\r\n<span style=\"font-family: Lucida Blackletter, cursive; font-size: 12pt;\">So gestehet das blut<\/span>\r\n<span style=\"font-family: Lucida Blackletter, cursive; font-size: 12pt;\">Herwiderumb wann einer ein bl\u00e4ttlein inne die Nasen thut<\/span>\r\n<span style=\"font-family: Lucida Blackletter, cursive; font-size: 12pt;\">Uber ein kleine weil folgt das blut hernach.<\/span>\r\n\r\n<span style=\"font-family: Lucida Blackletter, cursive; font-size: 12pt;\">Hieronymus Bock anno 1577<\/span><\/pre>\n<\/blockquote>\n","protected":false},"excerpt":{"rendered":"<p>Kraut, geschnitten bei leichten krampfartigen Magen-Darm-Gallenst\u00f6rungen, Magenkatarrh, appetitanregend; nicht anwenden bei \u00dcberempfindlichkeit gegen\u00fcber Korbbl\u00fctlern Schafgarbe Di\u00df Kraut ist einer widerwertigen natur Also Wo man di\u00df kraut zerknutscht Unnd das auff die blutigen wunden legt So gestehet das blut Herwiderumb wann einer ein bl\u00e4ttlein inne die Nasen thut Uber ein kleine weil folgt das blut hernach. &hellip; <\/p>\n<p class=\"link-more\"><a href=\"https:\/\/shop.mittgard.de\/?product=schafgarbe-100g\" class=\"more-link\"><span class=\"screen-reader-text\">\u201eSchafgarbe, Kraut, geschnitten (100g)\u201c <\/span>weiterlesen<\/a><\/p>\n","protected":false},"featured_media":1631,"template":"","meta":[],"product_brand":[],"product_cat":[17,16],"product_tag":[74,73,71],"class_list":{"0":"post-645","1":"product","2":"type-product","3":"status-publish","4":"has-post-thumbnail","6":"product_cat-arzneikraeuter","7":"product_cat-kraeuter","8":"product_tag-appetitanregend","9":"product_tag-krampfloesend","10":"product_tag-magentee","11":"product_shipping_class-paket","13":"first","14":"instock","15":"taxable","16":"shipping-taxable","17":"purchasable","18":"product-type-simple"},"_links":{"self":[{"href":"https:\/\/shop.mittgard.de\/index.php?rest_route=\/wp\/v2\/product\/645","targetHints":{"allow":["GET"]}}],"collection":[{"href":"https:\/\/shop.mittgard.de\/index.php?rest_route=\/wp\/v2\/product"}],"about":[{"href":"https:\/\/shop.mittgard.de\/index.php?rest_route=\/wp\/v2\/types\/product"}],"wp:featuredmedia":[{"embeddable":true,"href":"https:\/\/shop.mittgard.de\/index.php?rest_route=\/wp\/v2\/media\/1631"}],"wp:attachment":[{"href":"https:\/\/shop.mittgard.de\/index.php?rest_route=%2Fwp%2Fv2%2Fmedia&parent=645"}],"wp:term":[{"taxonomy":"product_brand","embeddable":true,"href":"https:\/\/shop.mittgard.de\/index.php?rest_route=%2Fwp%2Fv2%2Fproduct_brand&post=645"},{"taxonomy":"product_cat","embeddable":true,"href":"https:\/\/shop.mittgard.de\/index.php?rest_route=%2Fwp%2Fv2%2Fproduct_cat&post=645"},{"taxonomy":"product_tag","embeddable":true,"href":"https:\/\/shop.mittgard.de\/index.php?rest_route=%2Fwp%2Fv2%2Fproduct_tag&post=645"}],"curies":[{"name":"wp","href":"https:\/\/api.w.org\/{rel}","templated":true}]}}