{"id":6514,"date":"2019-01-08T16:56:34","date_gmt":"2019-01-08T15:56:34","guid":{"rendered":"http:\/\/shop.mittgard.de\/?post_type=product&#038;p=6514"},"modified":"2024-12-13T15:20:53","modified_gmt":"2024-12-13T14:20:53","slug":"pentagramm-1-bronze","status":"publish","type":"product","link":"https:\/\/shop.mittgard.de\/?product=pentagramm-1-bronze","title":{"rendered":"Pentagramm 1 Bronze"},"content":{"rendered":"<p>Gr\u00f6\u00dfe \u00f8 1,4 cm, sehr filigran gearbeitet, Schmuckbronze<\/p>\n<p>inklusive Lederband<\/p>\n","protected":false},"excerpt":{"rendered":"<p>Gr\u00f6\u00dfe \u00f8 1,4 cm, sehr filigran gearbeitet, Schmuckbronze inklusive Lederband<\/p>\n","protected":false},"featured_media":8243,"template":"","meta":[],"product_brand":[],"product_cat":[485,455],"product_tag":[472,175],"class_list":{"0":"post-6514","1":"product","2":"type-product","3":"status-publish","4":"has-post-thumbnail","6":"product_cat-pentagramm","7":"product_cat-schmuck","8":"product_tag-bronze","9":"product_tag-schutz","10":"product_shipping_class-brief","12":"first","13":"onbackorder","14":"taxable","15":"shipping-taxable","16":"purchasable","17":"product-type-simple"},"_links":{"self":[{"href":"https:\/\/shop.mittgard.de\/index.php?rest_route=\/wp\/v2\/product\/6514","targetHints":{"allow":["GET"]}}],"collection":[{"href":"https:\/\/shop.mittgard.de\/index.php?rest_route=\/wp\/v2\/product"}],"about":[{"href":"https:\/\/shop.mittgard.de\/index.php?rest_route=\/wp\/v2\/types\/product"}],"wp:featuredmedia":[{"embeddable":true,"href":"https:\/\/shop.mittgard.de\/index.php?rest_route=\/wp\/v2\/media\/8243"}],"wp:attachment":[{"href":"https:\/\/shop.mittgard.de\/index.php?rest_route=%2Fwp%2Fv2%2Fmedia&parent=6514"}],"wp:term":[{"taxonomy":"product_brand","embeddable":true,"href":"https:\/\/shop.mittgard.de\/index.php?rest_route=%2Fwp%2Fv2%2Fproduct_brand&post=6514"},{"taxonomy":"product_cat","embeddable":true,"href":"https:\/\/shop.mittgard.de\/index.php?rest_route=%2Fwp%2Fv2%2Fproduct_cat&post=6514"},{"taxonomy":"product_tag","embeddable":true,"href":"https:\/\/shop.mittgard.de\/index.php?rest_route=%2Fwp%2Fv2%2Fproduct_tag&post=6514"}],"curies":[{"name":"wp","href":"https:\/\/api.w.org\/{rel}","templated":true}]}}