{"id":655,"date":"2018-03-07T00:39:57","date_gmt":"2018-03-06T23:39:57","guid":{"rendered":"http:\/\/shop.mittgard.de\/?product=import-placeholder-for-70"},"modified":"2026-03-25T11:23:46","modified_gmt":"2026-03-25T10:23:46","slug":"walnuss-100gblaetter-geschnitten","status":"publish","type":"product","link":"https:\/\/shop.mittgard.de\/?product=walnuss-100gblaetter-geschnitten","title":{"rendered":"Walnu\u00df (100g) Bl\u00e4tter, geschnitten"},"content":{"rendered":"<p>Bl\u00e4tter, geschnitten<\/p>\n<p>als Bad oder Umschlag bei leichten oberfl\u00e4chlichen Hautentz\u00fcndungen &amp; \u00fcberm\u00e4\u00dfiger Schwei\u00dfabsonderung der H\u00e4nde &amp; F\u00fc\u00dfe<\/p>\n\r\n\t<a class=\"paoc-popup-click paoc-popup-cust-9114 paoc-popup-simple_link paoc-popup-link\" href=\"javascript:void(0);\">Geschichtliches samt Rezept<\/a>\r\n\r\n\n","protected":false},"excerpt":{"rendered":"<p>Bl\u00e4tter, geschnitten als Bad oder Umschlag bei leichten oberfl\u00e4chlichen Hautentz\u00fcndungen &amp; \u00fcberm\u00e4\u00dfiger Schwei\u00dfabsonderung der H\u00e4nde &amp; F\u00fc\u00dfe<\/p>\n","protected":false},"featured_media":1616,"template":"","meta":[],"product_brand":[],"product_cat":[17,16],"product_tag":[69],"class_list":{"0":"post-655","1":"product","2":"type-product","3":"status-publish","4":"has-post-thumbnail","6":"product_cat-arzneikraeuter","7":"product_cat-kraeuter","8":"product_tag-schweisshemmend","9":"product_shipping_class-paket","11":"first","12":"instock","13":"taxable","14":"shipping-taxable","15":"purchasable","16":"product-type-simple"},"_links":{"self":[{"href":"https:\/\/shop.mittgard.de\/index.php?rest_route=\/wp\/v2\/product\/655","targetHints":{"allow":["GET"]}}],"collection":[{"href":"https:\/\/shop.mittgard.de\/index.php?rest_route=\/wp\/v2\/product"}],"about":[{"href":"https:\/\/shop.mittgard.de\/index.php?rest_route=\/wp\/v2\/types\/product"}],"wp:featuredmedia":[{"embeddable":true,"href":"https:\/\/shop.mittgard.de\/index.php?rest_route=\/wp\/v2\/media\/1616"}],"wp:attachment":[{"href":"https:\/\/shop.mittgard.de\/index.php?rest_route=%2Fwp%2Fv2%2Fmedia&parent=655"}],"wp:term":[{"taxonomy":"product_brand","embeddable":true,"href":"https:\/\/shop.mittgard.de\/index.php?rest_route=%2Fwp%2Fv2%2Fproduct_brand&post=655"},{"taxonomy":"product_cat","embeddable":true,"href":"https:\/\/shop.mittgard.de\/index.php?rest_route=%2Fwp%2Fv2%2Fproduct_cat&post=655"},{"taxonomy":"product_tag","embeddable":true,"href":"https:\/\/shop.mittgard.de\/index.php?rest_route=%2Fwp%2Fv2%2Fproduct_tag&post=655"}],"curies":[{"name":"wp","href":"https:\/\/api.w.org\/{rel}","templated":true}]}}