{"id":658,"date":"2018-03-07T00:39:57","date_gmt":"2018-03-06T23:39:57","guid":{"rendered":"http:\/\/shop.mittgard.de\/?product=import-placeholder-for-73"},"modified":"2026-03-25T11:26:35","modified_gmt":"2026-03-25T10:26:35","slug":"zimt-100g","status":"publish","type":"product","link":"https:\/\/shop.mittgard.de\/?product=zimt-100g","title":{"rendered":"Zimt, Rinde, geschnitten (100g)"},"content":{"rendered":"<p>Rinde, Ceylon, geschnitten<\/p>\n<p>bei Appetitlosigkeit, Verdauungsbeschwerden mit leichten Kr\u00e4mpfen im Magen-Darm-Bereich wie V\u00f6llegef\u00fchl &amp; Bl\u00e4hungen<\/p>\n","protected":false},"excerpt":{"rendered":"<p>Rinde, Ceylon, geschnitten bei Appetitlosigkeit, Verdauungsbeschwerden mit leichten Kr\u00e4mpfen im Magen-Darm-Bereich wie V\u00f6llegef\u00fchl &amp; Bl\u00e4hungen<\/p>\n","protected":false},"featured_media":1063,"template":"","meta":[],"product_brand":[],"product_cat":[17,16],"product_tag":[66,65],"class_list":{"0":"post-658","1":"product","2":"type-product","3":"status-publish","4":"has-post-thumbnail","6":"product_cat-arzneikraeuter","7":"product_cat-kraeuter","8":"product_tag-verdauungsfoerdernd","9":"product_tag-waermend","10":"product_shipping_class-paket","12":"first","13":"instock","14":"taxable","15":"shipping-taxable","16":"purchasable","17":"product-type-simple"},"_links":{"self":[{"href":"https:\/\/shop.mittgard.de\/index.php?rest_route=\/wp\/v2\/product\/658","targetHints":{"allow":["GET"]}}],"collection":[{"href":"https:\/\/shop.mittgard.de\/index.php?rest_route=\/wp\/v2\/product"}],"about":[{"href":"https:\/\/shop.mittgard.de\/index.php?rest_route=\/wp\/v2\/types\/product"}],"wp:featuredmedia":[{"embeddable":true,"href":"https:\/\/shop.mittgard.de\/index.php?rest_route=\/wp\/v2\/media\/1063"}],"wp:attachment":[{"href":"https:\/\/shop.mittgard.de\/index.php?rest_route=%2Fwp%2Fv2%2Fmedia&parent=658"}],"wp:term":[{"taxonomy":"product_brand","embeddable":true,"href":"https:\/\/shop.mittgard.de\/index.php?rest_route=%2Fwp%2Fv2%2Fproduct_brand&post=658"},{"taxonomy":"product_cat","embeddable":true,"href":"https:\/\/shop.mittgard.de\/index.php?rest_route=%2Fwp%2Fv2%2Fproduct_cat&post=658"},{"taxonomy":"product_tag","embeddable":true,"href":"https:\/\/shop.mittgard.de\/index.php?rest_route=%2Fwp%2Fv2%2Fproduct_tag&post=658"}],"curies":[{"name":"wp","href":"https:\/\/api.w.org\/{rel}","templated":true}]}}