{"id":662,"date":"2018-03-07T00:39:58","date_gmt":"2018-03-06T23:39:58","guid":{"rendered":"http:\/\/shop.mittgard.de\/?product=import-placeholder-for-77"},"modified":"2024-12-14T17:17:10","modified_gmt":"2024-12-14T16:17:10","slug":"beifuss-50g","status":"publish","type":"product","link":"https:\/\/shop.mittgard.de\/?product=beifuss-50g","title":{"rendered":"Beifu\u00df, Kraut, geschnitten (50g)"},"content":{"rendered":"<p>Kraut, geschnitten<\/p>\n<p>herb-bitteres Aroma hilft dabei fette Spei\u00dfen leichter zu verdauen, z.B. Bei G\u00e4nse- &amp; Entenbraten, zu H\u00fclsenfr\u00fcchten, P\u00f6kelfleisch &amp; Schmalz<\/p>\n\r\n\t<a class=\"paoc-popup-click paoc-popup-cust-7150 paoc-popup-simple_link paoc-popup-link\" href=\"javascript:void(0);\">Geschichtliches samt Rezept<\/a>\r\n\r\n\n<blockquote>\n<pre><span style=\"font-family: Lucida Blackletter, cursive; font-size: 12pt;\">Beifu\u00df<\/span>\r\n\r\n<span style=\"font-family: Lucida Blackletter, cursive; font-size: 12pt;\">So einer \u00fcber Land reysset<\/span>\r\n<span style=\"font-family: Lucida Blackletter, cursive; font-size: 12pt;\">Beyfuss bey ihm tregt<\/span>\r\n<span style=\"font-family: Lucida Blackletter, cursive; font-size: 12pt;\">So vertreibt es die m\u00fcde.<\/span>\r\n\r\n<span style=\"font-family: Lucida Blackletter, cursive; font-size: 12pt;\">Leonhard Fuchs anno 1588\r\n<\/span><\/pre>\n<pre class=\"western\"><span style=\"font-family: Lucida Blackletter, cursive; font-size: 12pt;\">Beifu\u00df<\/span>\r\n\r\n<span style=\"font-family: Lucida Blackletter, cursive; font-size: 12pt;\">Artemisia ist ain kraut,<\/span>\r\n<span style=\"font-family: Lucida Blackletter, cursive; font-size: 12pt;\">daz ist unter allen ungeheure.<\/span>\r\n<span style=\"font-family: Lucida Blackletter, cursive; font-size: 12pt;\">Ob du furchtest czauber,<\/span>\r\n<span style=\"font-family: Lucida Blackletter, cursive; font-size: 12pt;\">so hab ir vier pundl in de chemenaten,<\/span>\r\n<span style=\"font-family: Lucida Blackletter, cursive; font-size: 12pt;\">un dir schaden die unholden nicht chinden,<\/span>\r\n<span style=\"font-family: Lucida Blackletter, cursive; font-size: 12pt;\">noch an viech,<\/span>\r\n<span style=\"font-family: Lucida Blackletter, cursive; font-size: 12pt;\">noch an chainer slacht Ding...<\/span>\r\n\r\n<span style=\"font-family: Lucida Blackletter, cursive; font-size: 12pt;\">15. Jahrhundert<\/span><\/pre>\n<pre class=\"western\"><span style=\"font-family: Lucida Blackletter, cursive; font-size: 12pt;\">Beifu\u00df<\/span>\r\n\r\n<span style=\"font-family: Lucida Blackletter, cursive; font-size: 12pt;\">Artemisia haizet peipoz,<\/span>\r\n<span style=\"font-family: Lucida Blackletter, cursive; font-size: 12pt;\">daz kraut ist haiz und trukken und den guot,<\/span>\r\n<span style=\"font-family: Lucida Blackletter, cursive; font-size: 12pt;\">die unperhaft sint von \u00fcbrigen f\u00e4uthen,<\/span>\r\n<span style=\"font-family: Lucida Blackletter, cursive; font-size: 12pt;\">ez sprechen auch die maister,<\/span>\r\n<span style=\"font-family: Lucida Blackletter, cursive; font-size: 12pt;\">wer es an diu pain pind,<\/span>\r\n<span style=\"font-family: Lucida Blackletter, cursive; font-size: 12pt;\">es benem den wegraisern in m\u00fcd<\/span>\r\n<span style=\"font-family: Lucida Blackletter, cursive; font-size: 12pt;\">daz versuoch,<\/span>\r\n<span style=\"font-family: Lucida Blackletter, cursive; font-size: 12pt;\">wan ich gelaub sein niht,<\/span>\r\n<span style=\"font-family: Lucida Blackletter, cursive; font-size: 12pt;\">ez waer dann bezaubert.<\/span>\r\n\r\n<span style=\"font-family: Lucida Blackletter, cursive; font-size: 12pt;\">Konrad von Megenberg 14. Jahrhundert\r\n<\/span><\/pre>\n<\/blockquote>\n","protected":false},"excerpt":{"rendered":"<p>Kraut, geschnitten herb-bitteres Aroma hilft dabei fette Spei\u00dfen leichter zu verdauen, z.B. Bei G\u00e4nse- &amp; Entenbraten, zu H\u00fclsenfr\u00fcchten, P\u00f6kelfleisch &amp; Schmalz Beifu\u00df So einer \u00fcber Land reysset Beyfuss bey ihm tregt So vertreibt es die m\u00fcde. Leonhard Fuchs anno 1588 Beifu\u00df Artemisia ist ain kraut, daz ist unter allen ungeheure. Ob du furchtest czauber, so &hellip; <\/p>\n<p class=\"link-more\"><a href=\"https:\/\/shop.mittgard.de\/?product=beifuss-50g\" class=\"more-link\"><span class=\"screen-reader-text\">\u201eBeifu\u00df, Kraut, geschnitten (50g)\u201c <\/span>weiterlesen<\/a><\/p>\n","protected":false},"featured_media":1974,"template":"","meta":[],"product_brand":[],"product_cat":[35,16],"product_tag":[848,66],"class_list":{"0":"post-662","1":"product","2":"type-product","3":"status-publish","4":"has-post-thumbnail","6":"product_cat-gewuerze","7":"product_cat-kraeuter","8":"product_tag-bitter","9":"product_tag-verdauungsfoerdernd","10":"product_shipping_class-paket","12":"first","13":"instock","14":"taxable","15":"shipping-taxable","16":"purchasable","17":"product-type-simple"},"_links":{"self":[{"href":"https:\/\/shop.mittgard.de\/index.php?rest_route=\/wp\/v2\/product\/662","targetHints":{"allow":["GET"]}}],"collection":[{"href":"https:\/\/shop.mittgard.de\/index.php?rest_route=\/wp\/v2\/product"}],"about":[{"href":"https:\/\/shop.mittgard.de\/index.php?rest_route=\/wp\/v2\/types\/product"}],"wp:featuredmedia":[{"embeddable":true,"href":"https:\/\/shop.mittgard.de\/index.php?rest_route=\/wp\/v2\/media\/1974"}],"wp:attachment":[{"href":"https:\/\/shop.mittgard.de\/index.php?rest_route=%2Fwp%2Fv2%2Fmedia&parent=662"}],"wp:term":[{"taxonomy":"product_brand","embeddable":true,"href":"https:\/\/shop.mittgard.de\/index.php?rest_route=%2Fwp%2Fv2%2Fproduct_brand&post=662"},{"taxonomy":"product_cat","embeddable":true,"href":"https:\/\/shop.mittgard.de\/index.php?rest_route=%2Fwp%2Fv2%2Fproduct_cat&post=662"},{"taxonomy":"product_tag","embeddable":true,"href":"https:\/\/shop.mittgard.de\/index.php?rest_route=%2Fwp%2Fv2%2Fproduct_tag&post=662"}],"curies":[{"name":"wp","href":"https:\/\/api.w.org\/{rel}","templated":true}]}}