{"id":6650,"date":"2019-01-13T09:51:42","date_gmt":"2019-01-13T08:51:42","guid":{"rendered":"http:\/\/shop.mittgard.de\/?post_type=product&#038;p=6650"},"modified":"2025-11-26T13:04:31","modified_gmt":"2025-11-26T12:04:31","slug":"glas-scheibchen-bunt","status":"publish","type":"product","link":"https:\/\/shop.mittgard.de\/?product=glas-scheibchen-bunt","title":{"rendered":"Glas, Scheibchen, bunt"},"content":{"rendered":"<p>sehr kleine Glas-Scheibchen in den Farben: hell- &amp; dunkelblau, rosa<\/p>\n<p>\u2205 0,6 cm<\/p>\n<p>sehr kleine Bohrung, nicht f\u00fcr Lederb\u00e4nder geeignet<\/p>\n<p>Preis pro St\u00fcck, nur noch wenige lieferbar!<\/p>\n","protected":false},"excerpt":{"rendered":"<p>sehr kleine Glas-Scheibchen in den Farben: hell- &amp; dunkelblau, rosa \u2205 0,6 cm sehr kleine Bohrung, nicht f\u00fcr Lederb\u00e4nder geeignet Preis pro St\u00fcck, nur noch wenige lieferbar!<\/p>\n","protected":false},"featured_media":6651,"template":"","meta":[],"product_brand":[],"product_cat":[486,455],"product_tag":[299,815],"class_list":{"0":"post-6650","1":"product","2":"type-product","3":"status-publish","4":"has-post-thumbnail","6":"product_cat-perlen","7":"product_cat-schmuck","8":"product_tag-glas","9":"product_tag-scheibchen","10":"product_shipping_class-brief","12":"first","13":"instock","14":"taxable","15":"shipping-taxable","16":"purchasable","17":"product-type-simple"},"_links":{"self":[{"href":"https:\/\/shop.mittgard.de\/index.php?rest_route=\/wp\/v2\/product\/6650","targetHints":{"allow":["GET"]}}],"collection":[{"href":"https:\/\/shop.mittgard.de\/index.php?rest_route=\/wp\/v2\/product"}],"about":[{"href":"https:\/\/shop.mittgard.de\/index.php?rest_route=\/wp\/v2\/types\/product"}],"wp:featuredmedia":[{"embeddable":true,"href":"https:\/\/shop.mittgard.de\/index.php?rest_route=\/wp\/v2\/media\/6651"}],"wp:attachment":[{"href":"https:\/\/shop.mittgard.de\/index.php?rest_route=%2Fwp%2Fv2%2Fmedia&parent=6650"}],"wp:term":[{"taxonomy":"product_brand","embeddable":true,"href":"https:\/\/shop.mittgard.de\/index.php?rest_route=%2Fwp%2Fv2%2Fproduct_brand&post=6650"},{"taxonomy":"product_cat","embeddable":true,"href":"https:\/\/shop.mittgard.de\/index.php?rest_route=%2Fwp%2Fv2%2Fproduct_cat&post=6650"},{"taxonomy":"product_tag","embeddable":true,"href":"https:\/\/shop.mittgard.de\/index.php?rest_route=%2Fwp%2Fv2%2Fproduct_tag&post=6650"}],"curies":[{"name":"wp","href":"https:\/\/api.w.org\/{rel}","templated":true}]}}