{"id":6654,"date":"2019-01-13T09:58:03","date_gmt":"2019-01-13T08:58:03","guid":{"rendered":"http:\/\/shop.mittgard.de\/?post_type=product&#038;p=6654"},"modified":"2024-12-13T16:11:53","modified_gmt":"2024-12-13T15:11:53","slug":"glas-kugelperlen-klein-gelb","status":"publish","type":"product","link":"https:\/\/shop.mittgard.de\/?product=glas-kugelperlen-klein-gelb","title":{"rendered":"Glas, Kugelperle, klein, gelb"},"content":{"rendered":"<p>sehr kleine Glaskugelperlen, gelb mit schwarzen Streifen<\/p>\n<p>\u2205 0,4 cm<\/p>\n<p>sehr kleine Bohrung, nicht geeignet f\u00fcr Lederb\u00e4nder<\/p>\n<p>zum Perlensticken oder kleine Zwischenst\u00fccke<\/p>\n<p>Preis pro St\u00fcck<\/p>\n","protected":false},"excerpt":{"rendered":"<p>sehr kleine Glaskugelperlen, gelb mit schwarzen Streifen \u2205 0,4 cm sehr kleine Bohrung, nicht geeignet f\u00fcr Lederb\u00e4nder zum Perlensticken oder kleine Zwischenst\u00fccke Preis pro St\u00fcck<\/p>\n","protected":false},"featured_media":6655,"template":"","meta":[],"product_brand":[],"product_cat":[486,455],"product_tag":[820,90,299,816],"class_list":{"0":"post-6654","1":"product","2":"type-product","3":"status-publish","4":"has-post-thumbnail","6":"product_cat-perlen","7":"product_cat-schmuck","8":"product_tag-crowbeads","9":"product_tag-gelb","10":"product_tag-glas","11":"product_tag-kugel","12":"product_shipping_class-brief","14":"first","15":"instock","16":"taxable","17":"shipping-taxable","18":"purchasable","19":"product-type-simple"},"_links":{"self":[{"href":"https:\/\/shop.mittgard.de\/index.php?rest_route=\/wp\/v2\/product\/6654","targetHints":{"allow":["GET"]}}],"collection":[{"href":"https:\/\/shop.mittgard.de\/index.php?rest_route=\/wp\/v2\/product"}],"about":[{"href":"https:\/\/shop.mittgard.de\/index.php?rest_route=\/wp\/v2\/types\/product"}],"wp:featuredmedia":[{"embeddable":true,"href":"https:\/\/shop.mittgard.de\/index.php?rest_route=\/wp\/v2\/media\/6655"}],"wp:attachment":[{"href":"https:\/\/shop.mittgard.de\/index.php?rest_route=%2Fwp%2Fv2%2Fmedia&parent=6654"}],"wp:term":[{"taxonomy":"product_brand","embeddable":true,"href":"https:\/\/shop.mittgard.de\/index.php?rest_route=%2Fwp%2Fv2%2Fproduct_brand&post=6654"},{"taxonomy":"product_cat","embeddable":true,"href":"https:\/\/shop.mittgard.de\/index.php?rest_route=%2Fwp%2Fv2%2Fproduct_cat&post=6654"},{"taxonomy":"product_tag","embeddable":true,"href":"https:\/\/shop.mittgard.de\/index.php?rest_route=%2Fwp%2Fv2%2Fproduct_tag&post=6654"}],"curies":[{"name":"wp","href":"https:\/\/api.w.org\/{rel}","templated":true}]}}