{"id":666,"date":"2018-03-07T00:39:58","date_gmt":"2018-03-06T23:39:58","guid":{"rendered":"http:\/\/shop.mittgard.de\/?product=import-placeholder-for-81"},"modified":"2026-03-25T14:07:47","modified_gmt":"2026-03-25T13:07:47","slug":"baerlauch-50g","status":"publish","type":"product","link":"https:\/\/shop.mittgard.de\/?product=baerlauch-50g","title":{"rendered":"B\u00e4rlauch, Kraut, geschnitten (50g)"},"content":{"rendered":"<p>Kraut, geschnitten<\/p>\n<p>wilder Knoblauch f\u00fcr Br\u00fchen, Hackfleisch &amp; kr\u00e4ftige W\u00fcrzso\u00dfen<\/p>\n\r\n\t<a class=\"paoc-popup-click paoc-popup-cust-7148 paoc-popup-simple_link paoc-popup-link\" href=\"javascript:void(0);\">Geschichtliches samt Rezept<\/a>\r\n\r\n\n","protected":false},"excerpt":{"rendered":"<p>Kraut, geschnitten wilder Knoblauch f\u00fcr Br\u00fchen, Hackfleisch &amp; kr\u00e4ftige W\u00fcrzso\u00dfen<\/p>\n","protected":false},"featured_media":6878,"template":"","meta":[],"product_brand":[],"product_cat":[35,16],"product_tag":[849,133],"class_list":{"0":"post-666","1":"product","2":"type-product","3":"status-publish","4":"has-post-thumbnail","6":"product_cat-gewuerze","7":"product_cat-kraeuter","8":"product_tag-knoblauch","9":"product_tag-wuerzig","10":"product_shipping_class-paket","12":"first","13":"instock","14":"taxable","15":"shipping-taxable","16":"purchasable","17":"product-type-simple"},"_links":{"self":[{"href":"https:\/\/shop.mittgard.de\/index.php?rest_route=\/wp\/v2\/product\/666","targetHints":{"allow":["GET"]}}],"collection":[{"href":"https:\/\/shop.mittgard.de\/index.php?rest_route=\/wp\/v2\/product"}],"about":[{"href":"https:\/\/shop.mittgard.de\/index.php?rest_route=\/wp\/v2\/types\/product"}],"wp:featuredmedia":[{"embeddable":true,"href":"https:\/\/shop.mittgard.de\/index.php?rest_route=\/wp\/v2\/media\/6878"}],"wp:attachment":[{"href":"https:\/\/shop.mittgard.de\/index.php?rest_route=%2Fwp%2Fv2%2Fmedia&parent=666"}],"wp:term":[{"taxonomy":"product_brand","embeddable":true,"href":"https:\/\/shop.mittgard.de\/index.php?rest_route=%2Fwp%2Fv2%2Fproduct_brand&post=666"},{"taxonomy":"product_cat","embeddable":true,"href":"https:\/\/shop.mittgard.de\/index.php?rest_route=%2Fwp%2Fv2%2Fproduct_cat&post=666"},{"taxonomy":"product_tag","embeddable":true,"href":"https:\/\/shop.mittgard.de\/index.php?rest_route=%2Fwp%2Fv2%2Fproduct_tag&post=666"}],"curies":[{"name":"wp","href":"https:\/\/api.w.org\/{rel}","templated":true}]}}