{"id":668,"date":"2018-03-07T00:39:58","date_gmt":"2018-03-06T23:39:58","guid":{"rendered":"http:\/\/shop.mittgard.de\/?product=import-placeholder-for-83"},"modified":"2026-03-25T14:12:47","modified_gmt":"2026-03-25T13:12:47","slug":"chilli-50g","status":"publish","type":"product","link":"https:\/\/shop.mittgard.de\/?product=chilli-50g","title":{"rendered":"Chilli, Schoten, ganz (50g)"},"content":{"rendered":"<p>Schoten, ganz<\/p>\n<p>sehr scharf f\u00fcr R\u00e4ucherw\u00fcrste, Schweinefleisch, Fisch, K\u00e4se &amp; Eiern; nicht f\u00fcr Kinder und Magenkranke!<\/p>\n\r\n\t<a class=\"paoc-popup-click paoc-popup-cust-7152 paoc-popup-simple_link paoc-popup-link\" href=\"javascript:void(0);\">Geschichtliches samt Rezept<\/a>\r\n\r\n\n","protected":false},"excerpt":{"rendered":"<p>Schoten, ganz sehr scharf f\u00fcr R\u00e4ucherw\u00fcrste, Schweinefleisch, Fisch, K\u00e4se &amp; Eiern; nicht f\u00fcr Kinder und Magenkranke!<\/p>\n","protected":false},"featured_media":1619,"template":"","meta":[],"product_brand":[],"product_cat":[35,16],"product_tag":[853],"class_list":{"0":"post-668","1":"product","2":"type-product","3":"status-publish","4":"has-post-thumbnail","6":"product_cat-gewuerze","7":"product_cat-kraeuter","8":"product_tag-scharf","9":"product_shipping_class-paket","11":"first","12":"instock","13":"taxable","14":"shipping-taxable","15":"purchasable","16":"product-type-simple"},"_links":{"self":[{"href":"https:\/\/shop.mittgard.de\/index.php?rest_route=\/wp\/v2\/product\/668","targetHints":{"allow":["GET"]}}],"collection":[{"href":"https:\/\/shop.mittgard.de\/index.php?rest_route=\/wp\/v2\/product"}],"about":[{"href":"https:\/\/shop.mittgard.de\/index.php?rest_route=\/wp\/v2\/types\/product"}],"wp:featuredmedia":[{"embeddable":true,"href":"https:\/\/shop.mittgard.de\/index.php?rest_route=\/wp\/v2\/media\/1619"}],"wp:attachment":[{"href":"https:\/\/shop.mittgard.de\/index.php?rest_route=%2Fwp%2Fv2%2Fmedia&parent=668"}],"wp:term":[{"taxonomy":"product_brand","embeddable":true,"href":"https:\/\/shop.mittgard.de\/index.php?rest_route=%2Fwp%2Fv2%2Fproduct_brand&post=668"},{"taxonomy":"product_cat","embeddable":true,"href":"https:\/\/shop.mittgard.de\/index.php?rest_route=%2Fwp%2Fv2%2Fproduct_cat&post=668"},{"taxonomy":"product_tag","embeddable":true,"href":"https:\/\/shop.mittgard.de\/index.php?rest_route=%2Fwp%2Fv2%2Fproduct_tag&post=668"}],"curies":[{"name":"wp","href":"https:\/\/api.w.org\/{rel}","templated":true}]}}