{"id":669,"date":"2018-03-07T00:39:59","date_gmt":"2018-03-06T23:39:59","guid":{"rendered":"http:\/\/shop.mittgard.de\/?product=import-placeholder-for-84"},"modified":"2026-03-25T14:14:24","modified_gmt":"2026-03-25T13:14:24","slug":"curry-englisch-50g","status":"publish","type":"product","link":"https:\/\/shop.mittgard.de\/?product=curry-englisch-50g","title":{"rendered":"Curry, englisch (50g)"},"content":{"rendered":"<p>gemahlen<\/p>\n<p>das Tropengew\u00fcrz w\u00fcrzt, macht aber nicht durstig, f\u00fcr Fleisch, Gefl\u00fcgel, Fisch, Reis, Salat &amp; K\u00e4se; die englische Mischung ist mehr den europ\u00e4ischen Geschmacksnerven angepa\u00dft<\/p>\n\r\n\t<a class=\"paoc-popup-click paoc-popup-cust-7153 paoc-popup-simple_link paoc-popup-link\" href=\"javascript:void(0);\">Geschichtliches samt Rezept<\/a>\r\n\r\n\n","protected":false},"excerpt":{"rendered":"<p>gemahlen das Tropengew\u00fcrz w\u00fcrzt, macht aber nicht durstig, f\u00fcr Fleisch, Gefl\u00fcgel, Fisch, Reis, Salat &amp; K\u00e4se; die englische Mischung ist mehr den europ\u00e4ischen Geschmacksnerven angepa\u00dft<\/p>\n","protected":false},"featured_media":1211,"template":"","meta":[],"product_brand":[],"product_cat":[35,16],"product_tag":[854,166],"class_list":{"0":"post-669","1":"product","2":"type-product","3":"status-publish","4":"has-post-thumbnail","6":"product_cat-gewuerze","7":"product_cat-kraeuter","8":"product_tag-indien","9":"product_tag-orientalisch","10":"product_shipping_class-paket","12":"first","13":"instock","14":"taxable","15":"shipping-taxable","16":"purchasable","17":"product-type-simple"},"_links":{"self":[{"href":"https:\/\/shop.mittgard.de\/index.php?rest_route=\/wp\/v2\/product\/669","targetHints":{"allow":["GET"]}}],"collection":[{"href":"https:\/\/shop.mittgard.de\/index.php?rest_route=\/wp\/v2\/product"}],"about":[{"href":"https:\/\/shop.mittgard.de\/index.php?rest_route=\/wp\/v2\/types\/product"}],"wp:featuredmedia":[{"embeddable":true,"href":"https:\/\/shop.mittgard.de\/index.php?rest_route=\/wp\/v2\/media\/1211"}],"wp:attachment":[{"href":"https:\/\/shop.mittgard.de\/index.php?rest_route=%2Fwp%2Fv2%2Fmedia&parent=669"}],"wp:term":[{"taxonomy":"product_brand","embeddable":true,"href":"https:\/\/shop.mittgard.de\/index.php?rest_route=%2Fwp%2Fv2%2Fproduct_brand&post=669"},{"taxonomy":"product_cat","embeddable":true,"href":"https:\/\/shop.mittgard.de\/index.php?rest_route=%2Fwp%2Fv2%2Fproduct_cat&post=669"},{"taxonomy":"product_tag","embeddable":true,"href":"https:\/\/shop.mittgard.de\/index.php?rest_route=%2Fwp%2Fv2%2Fproduct_tag&post=669"}],"curies":[{"name":"wp","href":"https:\/\/api.w.org\/{rel}","templated":true}]}}