{"id":671,"date":"2018-03-07T00:39:59","date_gmt":"2018-03-06T23:39:59","guid":{"rendered":"http:\/\/shop.mittgard.de\/?product=import-placeholder-for-86"},"modified":"2024-12-14T17:19:20","modified_gmt":"2024-12-14T16:19:20","slug":"dill-50g","status":"publish","type":"product","link":"https:\/\/shop.mittgard.de\/?product=dill-50g","title":{"rendered":"Dill, Bl\u00e4tter, gerebelt (50g)"},"content":{"rendered":"<p>Spitzen, gerebelt<\/p>\n<p>etwas s\u00fc\u00dflich bis leicht brennend f\u00fcr gekochten Fisch, Salat, Quark, Pilze &amp; Erbsen<\/p>\n\r\n\t<a class=\"paoc-popup-click paoc-popup-cust-7154 paoc-popup-simple_link paoc-popup-link\" href=\"javascript:void(0);\">Geschichtliches samt Rezept<\/a>\r\n\r\n\n","protected":false},"excerpt":{"rendered":"<p>Spitzen, gerebelt etwas s\u00fc\u00dflich bis leicht brennend f\u00fcr gekochten Fisch, Salat, Quark, Pilze &amp; Erbsen<\/p>\n","protected":false},"featured_media":1633,"template":"","meta":[],"product_brand":[],"product_cat":[35,16],"product_tag":[434,851,129],"class_list":{"0":"post-671","1":"product","2":"type-product","3":"status-publish","4":"has-post-thumbnail","6":"product_cat-gewuerze","7":"product_cat-kraeuter","8":"product_tag-fisch","9":"product_tag-gurken","10":"product_tag-suesslich","11":"product_shipping_class-paket","13":"first","14":"instock","15":"taxable","16":"shipping-taxable","17":"purchasable","18":"product-type-simple"},"_links":{"self":[{"href":"https:\/\/shop.mittgard.de\/index.php?rest_route=\/wp\/v2\/product\/671","targetHints":{"allow":["GET"]}}],"collection":[{"href":"https:\/\/shop.mittgard.de\/index.php?rest_route=\/wp\/v2\/product"}],"about":[{"href":"https:\/\/shop.mittgard.de\/index.php?rest_route=\/wp\/v2\/types\/product"}],"wp:featuredmedia":[{"embeddable":true,"href":"https:\/\/shop.mittgard.de\/index.php?rest_route=\/wp\/v2\/media\/1633"}],"wp:attachment":[{"href":"https:\/\/shop.mittgard.de\/index.php?rest_route=%2Fwp%2Fv2%2Fmedia&parent=671"}],"wp:term":[{"taxonomy":"product_brand","embeddable":true,"href":"https:\/\/shop.mittgard.de\/index.php?rest_route=%2Fwp%2Fv2%2Fproduct_brand&post=671"},{"taxonomy":"product_cat","embeddable":true,"href":"https:\/\/shop.mittgard.de\/index.php?rest_route=%2Fwp%2Fv2%2Fproduct_cat&post=671"},{"taxonomy":"product_tag","embeddable":true,"href":"https:\/\/shop.mittgard.de\/index.php?rest_route=%2Fwp%2Fv2%2Fproduct_tag&post=671"}],"curies":[{"name":"wp","href":"https:\/\/api.w.org\/{rel}","templated":true}]}}