{"id":676,"date":"2018-03-07T00:39:59","date_gmt":"2018-03-06T23:39:59","guid":{"rendered":"http:\/\/shop.mittgard.de\/?product=import-placeholder-for-91"},"modified":"2026-03-25T14:20:10","modified_gmt":"2026-03-25T13:20:10","slug":"kardamom-50g","status":"publish","type":"product","link":"https:\/\/shop.mittgard.de\/?product=kardamom-50g","title":{"rendered":"Kardamom, Samen, ganz (50g)"},"content":{"rendered":"<p>Samen mit Schale, ganz<\/p>\n<p>pikant-feurig f\u00fcr Lik\u00f6r &amp; Kaffee, Kuchen &amp; Geb\u00e4ck, Suppen &amp; So\u00dfen<\/p>\n\r\n\t<a class=\"paoc-popup-click paoc-popup-cust-7159 paoc-popup-simple_link paoc-popup-link\" href=\"javascript:void(0);\">Geschichtliches samt Rezept<\/a>\r\n\r\n\n","protected":false},"excerpt":{"rendered":"<p>Samen mit Schale, ganz pikant-feurig f\u00fcr Lik\u00f6r &amp; Kaffee, Kuchen &amp; Geb\u00e4ck, Suppen &amp; So\u00dfen<\/p>\n","protected":false},"featured_media":9514,"template":"","meta":[],"product_brand":[],"product_cat":[35,16],"product_tag":[166,853],"class_list":{"0":"post-676","1":"product","2":"type-product","3":"status-publish","4":"has-post-thumbnail","6":"product_cat-gewuerze","7":"product_cat-kraeuter","8":"product_tag-orientalisch","9":"product_tag-scharf","10":"product_shipping_class-paket","12":"first","13":"instock","14":"taxable","15":"shipping-taxable","16":"purchasable","17":"product-type-simple"},"_links":{"self":[{"href":"https:\/\/shop.mittgard.de\/index.php?rest_route=\/wp\/v2\/product\/676","targetHints":{"allow":["GET"]}}],"collection":[{"href":"https:\/\/shop.mittgard.de\/index.php?rest_route=\/wp\/v2\/product"}],"about":[{"href":"https:\/\/shop.mittgard.de\/index.php?rest_route=\/wp\/v2\/types\/product"}],"wp:featuredmedia":[{"embeddable":true,"href":"https:\/\/shop.mittgard.de\/index.php?rest_route=\/wp\/v2\/media\/9514"}],"wp:attachment":[{"href":"https:\/\/shop.mittgard.de\/index.php?rest_route=%2Fwp%2Fv2%2Fmedia&parent=676"}],"wp:term":[{"taxonomy":"product_brand","embeddable":true,"href":"https:\/\/shop.mittgard.de\/index.php?rest_route=%2Fwp%2Fv2%2Fproduct_brand&post=676"},{"taxonomy":"product_cat","embeddable":true,"href":"https:\/\/shop.mittgard.de\/index.php?rest_route=%2Fwp%2Fv2%2Fproduct_cat&post=676"},{"taxonomy":"product_tag","embeddable":true,"href":"https:\/\/shop.mittgard.de\/index.php?rest_route=%2Fwp%2Fv2%2Fproduct_tag&post=676"}],"curies":[{"name":"wp","href":"https:\/\/api.w.org\/{rel}","templated":true}]}}