{"id":6784,"date":"2019-01-13T16:52:11","date_gmt":"2019-01-13T15:52:11","guid":{"rendered":"http:\/\/shop.mittgard.de\/?post_type=product&#038;p=6784"},"modified":"2024-12-12T17:47:00","modified_gmt":"2024-12-12T16:47:00","slug":"schurwolle-gelb","status":"publish","type":"product","link":"https:\/\/shop.mittgard.de\/?product=schurwolle-gelb","title":{"rendered":"Schurwolle gelb"},"content":{"rendered":"<p>N\u00e4h- &amp; Stickgarn aus 100% Schurwolle<\/p>\n<p>pflanzengef\u00e4rbt mit Goldrute-Rainfarn<\/p>\n<p>Strang mit 20 F\u00e4den \u00e1 1m<\/p>\n","protected":false},"excerpt":{"rendered":"<p>N\u00e4h- &amp; Stickgarn aus 100% Schurwolle pflanzengef\u00e4rbt mit Goldrute-Rainfarn Strang mit 20 F\u00e4den \u00e1 1m<\/p>\n","protected":false},"featured_media":6785,"template":"","meta":[],"product_brand":[],"product_cat":[562,570],"product_tag":[90,834,257,835,833,267],"class_list":{"0":"post-6784","1":"product","2":"type-product","3":"status-publish","4":"has-post-thumbnail","6":"product_cat-gewandungen","7":"product_cat-naehzubehoer","8":"product_tag-gelb","9":"product_tag-goldrute","10":"product_tag-naehen","11":"product_tag-rainfarn","12":"product_tag-schurwolle","13":"product_tag-sticken","14":"product_shipping_class-brief","16":"first","17":"instock","18":"taxable","19":"shipping-taxable","20":"purchasable","21":"product-type-simple"},"_links":{"self":[{"href":"https:\/\/shop.mittgard.de\/index.php?rest_route=\/wp\/v2\/product\/6784","targetHints":{"allow":["GET"]}}],"collection":[{"href":"https:\/\/shop.mittgard.de\/index.php?rest_route=\/wp\/v2\/product"}],"about":[{"href":"https:\/\/shop.mittgard.de\/index.php?rest_route=\/wp\/v2\/types\/product"}],"wp:featuredmedia":[{"embeddable":true,"href":"https:\/\/shop.mittgard.de\/index.php?rest_route=\/wp\/v2\/media\/6785"}],"wp:attachment":[{"href":"https:\/\/shop.mittgard.de\/index.php?rest_route=%2Fwp%2Fv2%2Fmedia&parent=6784"}],"wp:term":[{"taxonomy":"product_brand","embeddable":true,"href":"https:\/\/shop.mittgard.de\/index.php?rest_route=%2Fwp%2Fv2%2Fproduct_brand&post=6784"},{"taxonomy":"product_cat","embeddable":true,"href":"https:\/\/shop.mittgard.de\/index.php?rest_route=%2Fwp%2Fv2%2Fproduct_cat&post=6784"},{"taxonomy":"product_tag","embeddable":true,"href":"https:\/\/shop.mittgard.de\/index.php?rest_route=%2Fwp%2Fv2%2Fproduct_tag&post=6784"}],"curies":[{"name":"wp","href":"https:\/\/api.w.org\/{rel}","templated":true}]}}