{"id":6796,"date":"2019-01-13T17:00:49","date_gmt":"2019-01-13T16:00:49","guid":{"rendered":"http:\/\/shop.mittgard.de\/?post_type=product&#038;p=6796"},"modified":"2024-12-12T17:48:37","modified_gmt":"2024-12-12T16:48:37","slug":"schurwolle-taubenblau","status":"publish","type":"product","link":"https:\/\/shop.mittgard.de\/?product=schurwolle-taubenblau","title":{"rendered":"Schurwolle taubenblau"},"content":{"rendered":"<p>N\u00e4h- &amp; Stickgarn aus 100% Schurwolle<\/p>\n<p>pflanzengef\u00e4rbt mit Indigo, 2. Zug<\/p>\n<p>Strang mit 20 F\u00e4den \u00e1 1m<\/p>\n","protected":false},"excerpt":{"rendered":"<p>N\u00e4h- &amp; Stickgarn aus 100% Schurwolle pflanzengef\u00e4rbt mit Indigo, 2. Zug Strang mit 20 F\u00e4den \u00e1 1m<\/p>\n","protected":false},"featured_media":6797,"template":"","meta":[],"product_brand":[],"product_cat":[562,570],"product_tag":[98,837,257,833,267],"class_list":{"0":"post-6796","1":"product","2":"type-product","3":"status-publish","4":"has-post-thumbnail","6":"product_cat-gewandungen","7":"product_cat-naehzubehoer","8":"product_tag-blau","9":"product_tag-indigo","10":"product_tag-naehen","11":"product_tag-schurwolle","12":"product_tag-sticken","13":"product_shipping_class-brief","15":"first","16":"instock","17":"taxable","18":"shipping-taxable","19":"purchasable","20":"product-type-simple"},"_links":{"self":[{"href":"https:\/\/shop.mittgard.de\/index.php?rest_route=\/wp\/v2\/product\/6796","targetHints":{"allow":["GET"]}}],"collection":[{"href":"https:\/\/shop.mittgard.de\/index.php?rest_route=\/wp\/v2\/product"}],"about":[{"href":"https:\/\/shop.mittgard.de\/index.php?rest_route=\/wp\/v2\/types\/product"}],"wp:featuredmedia":[{"embeddable":true,"href":"https:\/\/shop.mittgard.de\/index.php?rest_route=\/wp\/v2\/media\/6797"}],"wp:attachment":[{"href":"https:\/\/shop.mittgard.de\/index.php?rest_route=%2Fwp%2Fv2%2Fmedia&parent=6796"}],"wp:term":[{"taxonomy":"product_brand","embeddable":true,"href":"https:\/\/shop.mittgard.de\/index.php?rest_route=%2Fwp%2Fv2%2Fproduct_brand&post=6796"},{"taxonomy":"product_cat","embeddable":true,"href":"https:\/\/shop.mittgard.de\/index.php?rest_route=%2Fwp%2Fv2%2Fproduct_cat&post=6796"},{"taxonomy":"product_tag","embeddable":true,"href":"https:\/\/shop.mittgard.de\/index.php?rest_route=%2Fwp%2Fv2%2Fproduct_tag&post=6796"}],"curies":[{"name":"wp","href":"https:\/\/api.w.org\/{rel}","templated":true}]}}