{"id":6798,"date":"2019-01-13T17:02:10","date_gmt":"2019-01-13T16:02:10","guid":{"rendered":"http:\/\/shop.mittgard.de\/?post_type=product&#038;p=6798"},"modified":"2024-12-12T17:43:58","modified_gmt":"2024-12-12T16:43:58","slug":"merinowolle-krapp-ulme","status":"publish","type":"product","link":"https:\/\/shop.mittgard.de\/?product=merinowolle-krapp-ulme","title":{"rendered":"Merinowolle Krapp-Ulme"},"content":{"rendered":"<p>N\u00e4h- &amp; Stickgarn aus 100% Merinowolle<\/p>\n<p>pflanzengef\u00e4rbt mit Krapp-Ulme<\/p>\n<p>Strang mit 20 F\u00e4den \u00e1 1m<\/p>\n","protected":false},"excerpt":{"rendered":"<p>N\u00e4h- &amp; Stickgarn aus 100% Merinowolle pflanzengef\u00e4rbt mit Krapp-Ulme Strang mit 20 F\u00e4den \u00e1 1m<\/p>\n","protected":false},"featured_media":6799,"template":"","meta":[],"product_brand":[],"product_cat":[562,570],"product_tag":[88,836,842,257,267,841],"class_list":{"0":"post-6798","1":"product","2":"type-product","3":"status-publish","4":"has-post-thumbnail","6":"product_cat-gewandungen","7":"product_cat-naehzubehoer","8":"product_tag-braun","9":"product_tag-krapp","10":"product_tag-merino","11":"product_tag-naehen","12":"product_tag-sticken","13":"product_tag-ulme","14":"product_shipping_class-brief","16":"first","17":"instock","18":"taxable","19":"shipping-taxable","20":"purchasable","21":"product-type-simple"},"_links":{"self":[{"href":"https:\/\/shop.mittgard.de\/index.php?rest_route=\/wp\/v2\/product\/6798","targetHints":{"allow":["GET"]}}],"collection":[{"href":"https:\/\/shop.mittgard.de\/index.php?rest_route=\/wp\/v2\/product"}],"about":[{"href":"https:\/\/shop.mittgard.de\/index.php?rest_route=\/wp\/v2\/types\/product"}],"wp:featuredmedia":[{"embeddable":true,"href":"https:\/\/shop.mittgard.de\/index.php?rest_route=\/wp\/v2\/media\/6799"}],"wp:attachment":[{"href":"https:\/\/shop.mittgard.de\/index.php?rest_route=%2Fwp%2Fv2%2Fmedia&parent=6798"}],"wp:term":[{"taxonomy":"product_brand","embeddable":true,"href":"https:\/\/shop.mittgard.de\/index.php?rest_route=%2Fwp%2Fv2%2Fproduct_brand&post=6798"},{"taxonomy":"product_cat","embeddable":true,"href":"https:\/\/shop.mittgard.de\/index.php?rest_route=%2Fwp%2Fv2%2Fproduct_cat&post=6798"},{"taxonomy":"product_tag","embeddable":true,"href":"https:\/\/shop.mittgard.de\/index.php?rest_route=%2Fwp%2Fv2%2Fproduct_tag&post=6798"}],"curies":[{"name":"wp","href":"https:\/\/api.w.org\/{rel}","templated":true}]}}