{"id":680,"date":"2018-03-07T00:40:00","date_gmt":"2018-03-06T23:40:00","guid":{"rendered":"http:\/\/shop.mittgard.de\/?product=import-placeholder-for-95"},"modified":"2026-03-25T16:41:44","modified_gmt":"2026-03-25T15:41:44","slug":"koriander-100g","status":"publish","type":"product","link":"https:\/\/shop.mittgard.de\/?product=koriander-100g","title":{"rendered":"Koriander, Samen, ganz (50g)"},"content":{"rendered":"<p>Samen, ganz<\/p>\n<p>bei Appetitlosigkeit, Verdauungsbeschwerden mit leichten Kr\u00e4mpfen im Magen-Darm-Bereich wie V\u00f6llegef\u00fchl &amp; Bl\u00e4hungen<\/p>\n\r\n\t<a class=\"paoc-popup-click paoc-popup-cust-7162 paoc-popup-simple_link paoc-popup-link\" href=\"javascript:void(0);\">Geschichtliches samt Rezept<\/a>\r\n\r\n\n","protected":false},"excerpt":{"rendered":"<p>Samen, ganz bei Appetitlosigkeit, Verdauungsbeschwerden mit leichten Kr\u00e4mpfen im Magen-Darm-Bereich wie V\u00f6llegef\u00fchl &amp; Bl\u00e4hungen<\/p>\n","protected":false},"featured_media":8137,"template":"","meta":[],"product_brand":[],"product_cat":[35,16],"product_tag":[180,166],"class_list":{"0":"post-680","1":"product","2":"type-product","3":"status-publish","4":"has-post-thumbnail","6":"product_cat-gewuerze","7":"product_cat-kraeuter","8":"product_tag-aromatisch","9":"product_tag-orientalisch","10":"product_shipping_class-paket","12":"first","13":"instock","14":"taxable","15":"shipping-taxable","16":"purchasable","17":"product-type-simple"},"_links":{"self":[{"href":"https:\/\/shop.mittgard.de\/index.php?rest_route=\/wp\/v2\/product\/680","targetHints":{"allow":["GET"]}}],"collection":[{"href":"https:\/\/shop.mittgard.de\/index.php?rest_route=\/wp\/v2\/product"}],"about":[{"href":"https:\/\/shop.mittgard.de\/index.php?rest_route=\/wp\/v2\/types\/product"}],"wp:featuredmedia":[{"embeddable":true,"href":"https:\/\/shop.mittgard.de\/index.php?rest_route=\/wp\/v2\/media\/8137"}],"wp:attachment":[{"href":"https:\/\/shop.mittgard.de\/index.php?rest_route=%2Fwp%2Fv2%2Fmedia&parent=680"}],"wp:term":[{"taxonomy":"product_brand","embeddable":true,"href":"https:\/\/shop.mittgard.de\/index.php?rest_route=%2Fwp%2Fv2%2Fproduct_brand&post=680"},{"taxonomy":"product_cat","embeddable":true,"href":"https:\/\/shop.mittgard.de\/index.php?rest_route=%2Fwp%2Fv2%2Fproduct_cat&post=680"},{"taxonomy":"product_tag","embeddable":true,"href":"https:\/\/shop.mittgard.de\/index.php?rest_route=%2Fwp%2Fv2%2Fproduct_tag&post=680"}],"curies":[{"name":"wp","href":"https:\/\/api.w.org\/{rel}","templated":true}]}}