{"id":6802,"date":"2019-01-13T17:07:23","date_gmt":"2019-01-13T16:07:23","guid":{"rendered":"http:\/\/shop.mittgard.de\/?post_type=product&#038;p=6802"},"modified":"2024-12-12T17:44:21","modified_gmt":"2024-12-12T16:44:21","slug":"merinowolle-walnuss-cochenille","status":"publish","type":"product","link":"https:\/\/shop.mittgard.de\/?product=merinowolle-walnuss-cochenille","title":{"rendered":"Merinowolle Walnu\u00df-Cochenille"},"content":{"rendered":"<p>N\u00e4h- &amp; Stickgarn aus 100% Merinowolle<\/p>\n<p>pflanzengef\u00e4rbt mit Walnu\u00df-Cochenille<\/p>\n<p>Strang mit 20 F\u00e4den \u00e1 1m<\/p>\n","protected":false},"excerpt":{"rendered":"<p>N\u00e4h- &amp; Stickgarn aus 100% Merinowolle pflanzengef\u00e4rbt mit Walnu\u00df-Cochenille Strang mit 20 F\u00e4den \u00e1 1m<\/p>\n","protected":false},"featured_media":6803,"template":"","meta":[],"product_brand":[],"product_cat":[562,570],"product_tag":[88,840,842,257,95,267,838],"class_list":{"0":"post-6802","1":"product","2":"type-product","3":"status-publish","4":"has-post-thumbnail","6":"product_cat-gewandungen","7":"product_cat-naehzubehoer","8":"product_tag-braun","9":"product_tag-cochenille","10":"product_tag-merino","11":"product_tag-naehen","12":"product_tag-rosa","13":"product_tag-sticken","14":"product_tag-walnuss","15":"product_shipping_class-brief","17":"first","18":"instock","19":"taxable","20":"shipping-taxable","21":"purchasable","22":"product-type-simple"},"_links":{"self":[{"href":"https:\/\/shop.mittgard.de\/index.php?rest_route=\/wp\/v2\/product\/6802","targetHints":{"allow":["GET"]}}],"collection":[{"href":"https:\/\/shop.mittgard.de\/index.php?rest_route=\/wp\/v2\/product"}],"about":[{"href":"https:\/\/shop.mittgard.de\/index.php?rest_route=\/wp\/v2\/types\/product"}],"wp:featuredmedia":[{"embeddable":true,"href":"https:\/\/shop.mittgard.de\/index.php?rest_route=\/wp\/v2\/media\/6803"}],"wp:attachment":[{"href":"https:\/\/shop.mittgard.de\/index.php?rest_route=%2Fwp%2Fv2%2Fmedia&parent=6802"}],"wp:term":[{"taxonomy":"product_brand","embeddable":true,"href":"https:\/\/shop.mittgard.de\/index.php?rest_route=%2Fwp%2Fv2%2Fproduct_brand&post=6802"},{"taxonomy":"product_cat","embeddable":true,"href":"https:\/\/shop.mittgard.de\/index.php?rest_route=%2Fwp%2Fv2%2Fproduct_cat&post=6802"},{"taxonomy":"product_tag","embeddable":true,"href":"https:\/\/shop.mittgard.de\/index.php?rest_route=%2Fwp%2Fv2%2Fproduct_tag&post=6802"}],"curies":[{"name":"wp","href":"https:\/\/api.w.org\/{rel}","templated":true}]}}