{"id":6804,"date":"2019-01-13T17:08:40","date_gmt":"2019-01-13T16:08:40","guid":{"rendered":"http:\/\/shop.mittgard.de\/?post_type=product&#038;p=6804"},"modified":"2024-12-12T17:43:31","modified_gmt":"2024-12-12T16:43:31","slug":"merinowolle-krapp-reseda","status":"publish","type":"product","link":"https:\/\/shop.mittgard.de\/?product=merinowolle-krapp-reseda","title":{"rendered":"Merinowolle Krapp-Reseda"},"content":{"rendered":"<p>N\u00e4h- &amp; Stickgarn aus 100% Merinowolle<\/p>\n<p>pflanzengef\u00e4rbt mit Krapp-Reseda<\/p>\n<p>Strang mit 20 F\u00e4den \u00e1 1m<\/p>\n","protected":false},"excerpt":{"rendered":"<p>N\u00e4h- &amp; Stickgarn aus 100% Merinowolle pflanzengef\u00e4rbt mit Krapp-Reseda Strang mit 20 F\u00e4den \u00e1 1m<\/p>\n","protected":false},"featured_media":6805,"template":"","meta":[],"product_brand":[],"product_cat":[562,570],"product_tag":[836,842,257,844,843,95,267],"class_list":{"0":"post-6804","1":"product","2":"type-product","3":"status-publish","4":"has-post-thumbnail","6":"product_cat-gewandungen","7":"product_cat-naehzubehoer","8":"product_tag-krapp","9":"product_tag-merino","10":"product_tag-naehen","11":"product_tag-pastell","12":"product_tag-reseda","13":"product_tag-rosa","14":"product_tag-sticken","15":"product_shipping_class-brief","17":"first","18":"instock","19":"taxable","20":"shipping-taxable","21":"purchasable","22":"product-type-simple"},"_links":{"self":[{"href":"https:\/\/shop.mittgard.de\/index.php?rest_route=\/wp\/v2\/product\/6804","targetHints":{"allow":["GET"]}}],"collection":[{"href":"https:\/\/shop.mittgard.de\/index.php?rest_route=\/wp\/v2\/product"}],"about":[{"href":"https:\/\/shop.mittgard.de\/index.php?rest_route=\/wp\/v2\/types\/product"}],"wp:featuredmedia":[{"embeddable":true,"href":"https:\/\/shop.mittgard.de\/index.php?rest_route=\/wp\/v2\/media\/6805"}],"wp:attachment":[{"href":"https:\/\/shop.mittgard.de\/index.php?rest_route=%2Fwp%2Fv2%2Fmedia&parent=6804"}],"wp:term":[{"taxonomy":"product_brand","embeddable":true,"href":"https:\/\/shop.mittgard.de\/index.php?rest_route=%2Fwp%2Fv2%2Fproduct_brand&post=6804"},{"taxonomy":"product_cat","embeddable":true,"href":"https:\/\/shop.mittgard.de\/index.php?rest_route=%2Fwp%2Fv2%2Fproduct_cat&post=6804"},{"taxonomy":"product_tag","embeddable":true,"href":"https:\/\/shop.mittgard.de\/index.php?rest_route=%2Fwp%2Fv2%2Fproduct_tag&post=6804"}],"curies":[{"name":"wp","href":"https:\/\/api.w.org\/{rel}","templated":true}]}}