{"id":682,"date":"2018-03-07T00:40:00","date_gmt":"2018-03-06T23:40:00","guid":{"rendered":"http:\/\/shop.mittgard.de\/?product=import-placeholder-for-97"},"modified":"2026-03-25T14:25:43","modified_gmt":"2026-03-25T13:25:43","slug":"kreuzkuemmel-50g","status":"publish","type":"product","link":"https:\/\/shop.mittgard.de\/?product=kreuzkuemmel-50g","title":{"rendered":"Kreuzk\u00fcmmel, Samen, ganz (50g)"},"content":{"rendered":"<p>Samen, ganz<\/p>\n<p>herzhaft-blumig-s\u00fc\u00df f\u00fcr Fleischbr\u00fche, K\u00e4se, Fisch, Kuchen<\/p>\n\r\n\t<a class=\"paoc-popup-click paoc-popup-cust-7163 paoc-popup-simple_link paoc-popup-link\" href=\"javascript:void(0);\">Geschichtliches samt Rezept<\/a>\r\n\r\n\n","protected":false},"excerpt":{"rendered":"<p>Samen, ganz herzhaft-blumig-s\u00fc\u00df f\u00fcr Fleischbr\u00fche, K\u00e4se, Fisch, Kuchen<\/p>\n","protected":false},"featured_media":1623,"template":"","meta":[],"product_brand":[],"product_cat":[35,16],"product_tag":[166,129],"class_list":{"0":"post-682","1":"product","2":"type-product","3":"status-publish","4":"has-post-thumbnail","6":"product_cat-gewuerze","7":"product_cat-kraeuter","8":"product_tag-orientalisch","9":"product_tag-suesslich","10":"product_shipping_class-paket","12":"first","13":"instock","14":"taxable","15":"shipping-taxable","16":"purchasable","17":"product-type-simple"},"_links":{"self":[{"href":"https:\/\/shop.mittgard.de\/index.php?rest_route=\/wp\/v2\/product\/682","targetHints":{"allow":["GET"]}}],"collection":[{"href":"https:\/\/shop.mittgard.de\/index.php?rest_route=\/wp\/v2\/product"}],"about":[{"href":"https:\/\/shop.mittgard.de\/index.php?rest_route=\/wp\/v2\/types\/product"}],"wp:featuredmedia":[{"embeddable":true,"href":"https:\/\/shop.mittgard.de\/index.php?rest_route=\/wp\/v2\/media\/1623"}],"wp:attachment":[{"href":"https:\/\/shop.mittgard.de\/index.php?rest_route=%2Fwp%2Fv2%2Fmedia&parent=682"}],"wp:term":[{"taxonomy":"product_brand","embeddable":true,"href":"https:\/\/shop.mittgard.de\/index.php?rest_route=%2Fwp%2Fv2%2Fproduct_brand&post=682"},{"taxonomy":"product_cat","embeddable":true,"href":"https:\/\/shop.mittgard.de\/index.php?rest_route=%2Fwp%2Fv2%2Fproduct_cat&post=682"},{"taxonomy":"product_tag","embeddable":true,"href":"https:\/\/shop.mittgard.de\/index.php?rest_route=%2Fwp%2Fv2%2Fproduct_tag&post=682"}],"curies":[{"name":"wp","href":"https:\/\/api.w.org\/{rel}","templated":true}]}}