{"id":685,"date":"2018-03-07T00:40:05","date_gmt":"2018-03-06T23:40:05","guid":{"rendered":"http:\/\/shop.mittgard.de\/?product=import-placeholder-for-100"},"modified":"2026-03-25T14:26:35","modified_gmt":"2026-03-25T13:26:35","slug":"kuemmel-50g","status":"publish","type":"product","link":"https:\/\/shop.mittgard.de\/?product=kuemmel-50g","title":{"rendered":"K\u00fcmmel, Samen, ganz (50g)"},"content":{"rendered":"<p>Samen, ganz<\/p>\n<p>Verdauungsbeschwerden mit leichten Kr\u00e4mpfen im Magen-Darm-Bereich, V\u00f6llegef\u00fchl, Bl\u00e4hungen<\/p>\n<p>herb-kr\u00e4ftiger Geschmack f\u00fcr Wurst, K\u00e4se &amp; Brot, Wei\u00dfkohl &amp; rote R\u00fcben, Suppen &amp; So\u00dfen, Fleisch &amp; Schnaps<\/p>\n\r\n\t<a class=\"paoc-popup-click paoc-popup-cust-7164 paoc-popup-simple_link paoc-popup-link\" href=\"javascript:void(0);\">Geschichtliches samt Rezept<\/a>\r\n\r\n\n","protected":false},"excerpt":{"rendered":"<p>Samen, ganz Verdauungsbeschwerden mit leichten Kr\u00e4mpfen im Magen-Darm-Bereich, V\u00f6llegef\u00fchl, Bl\u00e4hungen herb-kr\u00e4ftiger Geschmack f\u00fcr Wurst, K\u00e4se &amp; Brot, Wei\u00dfkohl &amp; rote R\u00fcben, Suppen &amp; So\u00dfen, Fleisch &amp; Schnaps<\/p>\n","protected":false},"featured_media":1217,"template":"","meta":[],"product_brand":[],"product_cat":[35,16],"product_tag":[66,133],"class_list":{"0":"post-685","1":"product","2":"type-product","3":"status-publish","4":"has-post-thumbnail","6":"product_cat-gewuerze","7":"product_cat-kraeuter","8":"product_tag-verdauungsfoerdernd","9":"product_tag-wuerzig","10":"product_shipping_class-paket","12":"first","13":"instock","14":"taxable","15":"shipping-taxable","16":"purchasable","17":"product-type-simple"},"_links":{"self":[{"href":"https:\/\/shop.mittgard.de\/index.php?rest_route=\/wp\/v2\/product\/685","targetHints":{"allow":["GET"]}}],"collection":[{"href":"https:\/\/shop.mittgard.de\/index.php?rest_route=\/wp\/v2\/product"}],"about":[{"href":"https:\/\/shop.mittgard.de\/index.php?rest_route=\/wp\/v2\/types\/product"}],"wp:featuredmedia":[{"embeddable":true,"href":"https:\/\/shop.mittgard.de\/index.php?rest_route=\/wp\/v2\/media\/1217"}],"wp:attachment":[{"href":"https:\/\/shop.mittgard.de\/index.php?rest_route=%2Fwp%2Fv2%2Fmedia&parent=685"}],"wp:term":[{"taxonomy":"product_brand","embeddable":true,"href":"https:\/\/shop.mittgard.de\/index.php?rest_route=%2Fwp%2Fv2%2Fproduct_brand&post=685"},{"taxonomy":"product_cat","embeddable":true,"href":"https:\/\/shop.mittgard.de\/index.php?rest_route=%2Fwp%2Fv2%2Fproduct_cat&post=685"},{"taxonomy":"product_tag","embeddable":true,"href":"https:\/\/shop.mittgard.de\/index.php?rest_route=%2Fwp%2Fv2%2Fproduct_tag&post=685"}],"curies":[{"name":"wp","href":"https:\/\/api.w.org\/{rel}","templated":true}]}}