{"id":6874,"date":"2019-01-18T16:47:24","date_gmt":"2019-01-18T15:47:24","guid":{"rendered":"http:\/\/shop.mittgard.de\/?post_type=product&#038;p=6874"},"modified":"2026-03-25T16:48:26","modified_gmt":"2026-03-25T15:48:26","slug":"sandelholz-weiss-fein-geschnitten-25g","status":"publish","type":"product","link":"https:\/\/shop.mittgard.de\/?product=sandelholz-weiss-fein-geschnitten-25g","title":{"rendered":"Sandelholz, wei\u00df, fein geschnitten (25g)"},"content":{"rendered":"<p>harzig-s\u00fc\u00df mit w\u00fcrzig-orientalischer Note, an Rose erinnernd, f\u00fcr Liebesrituale<\/p>\n","protected":false},"excerpt":{"rendered":"<p>harzig-s\u00fc\u00df mit w\u00fcrzig-orientalischer Note, an Rose erinnernd, f\u00fcr Liebesrituale<\/p>\n","protected":false},"featured_media":6875,"template":"","meta":[],"product_brand":[],"product_cat":[114,110],"product_tag":[131,166,129,65],"class_list":{"0":"post-6874","1":"product","2":"type-product","3":"status-publish","4":"has-post-thumbnail","6":"product_cat-kraeuter-hoelzer","7":"product_cat-raeucherwerk","8":"product_tag-aphrodisierend","9":"product_tag-orientalisch","10":"product_tag-suesslich","11":"product_tag-waermend","12":"product_shipping_class-paket","14":"first","15":"instock","16":"taxable","17":"shipping-taxable","18":"purchasable","19":"product-type-simple"},"_links":{"self":[{"href":"https:\/\/shop.mittgard.de\/index.php?rest_route=\/wp\/v2\/product\/6874","targetHints":{"allow":["GET"]}}],"collection":[{"href":"https:\/\/shop.mittgard.de\/index.php?rest_route=\/wp\/v2\/product"}],"about":[{"href":"https:\/\/shop.mittgard.de\/index.php?rest_route=\/wp\/v2\/types\/product"}],"wp:featuredmedia":[{"embeddable":true,"href":"https:\/\/shop.mittgard.de\/index.php?rest_route=\/wp\/v2\/media\/6875"}],"wp:attachment":[{"href":"https:\/\/shop.mittgard.de\/index.php?rest_route=%2Fwp%2Fv2%2Fmedia&parent=6874"}],"wp:term":[{"taxonomy":"product_brand","embeddable":true,"href":"https:\/\/shop.mittgard.de\/index.php?rest_route=%2Fwp%2Fv2%2Fproduct_brand&post=6874"},{"taxonomy":"product_cat","embeddable":true,"href":"https:\/\/shop.mittgard.de\/index.php?rest_route=%2Fwp%2Fv2%2Fproduct_cat&post=6874"},{"taxonomy":"product_tag","embeddable":true,"href":"https:\/\/shop.mittgard.de\/index.php?rest_route=%2Fwp%2Fv2%2Fproduct_tag&post=6874"}],"curies":[{"name":"wp","href":"https:\/\/api.w.org\/{rel}","templated":true}]}}