{"id":689,"date":"2018-03-07T00:40:05","date_gmt":"2018-03-06T23:40:05","guid":{"rendered":"http:\/\/shop.mittgard.de\/?product=import-placeholder-for-104"},"modified":"2024-12-14T17:26:17","modified_gmt":"2024-12-14T16:26:17","slug":"lorbeer-50g-2","status":"publish","type":"product","link":"https:\/\/shop.mittgard.de\/?product=lorbeer-50g-2","title":{"rendered":"Lorbeer, Bl\u00e4tter, geschnitten (50g)"},"content":{"rendered":"<p>Bl\u00e4tter, geschnitten<\/p>\n<p>machen herzhaft-kr\u00e4ftige Spei\u00dfen bek\u00f6mmlicher, f\u00fcr Eintopf, Fisch, Wild, Marinaden, S\u00fclze &amp; Essig<\/p>\n\r\n\t<a class=\"paoc-popup-click paoc-popup-cust-7199 paoc-popup-simple_link paoc-popup-link\" href=\"javascript:void(0);\">Geschichtliches samt Rezept<\/a>\r\n\r\n\n","protected":false},"excerpt":{"rendered":"<p>Bl\u00e4tter, geschnitten machen herzhaft-kr\u00e4ftige Spei\u00dfen bek\u00f6mmlicher, f\u00fcr Eintopf, Fisch, Wild, Marinaden, S\u00fclze &amp; Essig<\/p>\n","protected":false},"featured_media":1620,"template":"","meta":[],"product_brand":[],"product_cat":[35,16],"product_tag":[66],"class_list":{"0":"post-689","1":"product","2":"type-product","3":"status-publish","4":"has-post-thumbnail","6":"product_cat-gewuerze","7":"product_cat-kraeuter","8":"product_tag-verdauungsfoerdernd","9":"product_shipping_class-paket","11":"first","12":"instock","13":"taxable","14":"shipping-taxable","15":"purchasable","16":"product-type-simple"},"_links":{"self":[{"href":"https:\/\/shop.mittgard.de\/index.php?rest_route=\/wp\/v2\/product\/689","targetHints":{"allow":["GET"]}}],"collection":[{"href":"https:\/\/shop.mittgard.de\/index.php?rest_route=\/wp\/v2\/product"}],"about":[{"href":"https:\/\/shop.mittgard.de\/index.php?rest_route=\/wp\/v2\/types\/product"}],"wp:featuredmedia":[{"embeddable":true,"href":"https:\/\/shop.mittgard.de\/index.php?rest_route=\/wp\/v2\/media\/1620"}],"wp:attachment":[{"href":"https:\/\/shop.mittgard.de\/index.php?rest_route=%2Fwp%2Fv2%2Fmedia&parent=689"}],"wp:term":[{"taxonomy":"product_brand","embeddable":true,"href":"https:\/\/shop.mittgard.de\/index.php?rest_route=%2Fwp%2Fv2%2Fproduct_brand&post=689"},{"taxonomy":"product_cat","embeddable":true,"href":"https:\/\/shop.mittgard.de\/index.php?rest_route=%2Fwp%2Fv2%2Fproduct_cat&post=689"},{"taxonomy":"product_tag","embeddable":true,"href":"https:\/\/shop.mittgard.de\/index.php?rest_route=%2Fwp%2Fv2%2Fproduct_tag&post=689"}],"curies":[{"name":"wp","href":"https:\/\/api.w.org\/{rel}","templated":true}]}}