{"id":6895,"date":"2019-01-23T13:32:49","date_gmt":"2019-01-23T12:32:49","guid":{"rendered":"http:\/\/shop.mittgard.de\/?post_type=product&#038;p=6895"},"modified":"2024-12-16T13:25:28","modified_gmt":"2024-12-16T12:25:28","slug":"faber-ronald-feng-shui-fuer-einsteiger","status":"publish","type":"product","link":"https:\/\/shop.mittgard.de\/?product=faber-ronald-feng-shui-fuer-einsteiger","title":{"rendered":"Faber, Ronald &#8222;Feng Shui f\u00fcr Einsteiger&#8220;"},"content":{"rendered":"<p>Angenehmer Leben und erfolgreicher arbeiten durch die Steigerung der Lebensenergie<\/p>\n<p>&#8222;In meiner t\u00e4glichen Praxis als Innenarchitekt und Interieurdesigner bin ich st\u00e4ndig auf der Suche nach Tips, Kniffen und Ideen, die mir meine Arbeit erleichtern, nach Hilfen, die das L\u00f6sen von Einrichtungsaufgaben vereinfachen. Bei dieser Suche stie\u00df ich auf Feng Shui, der uralten chinesischen Kunst des Wohnens. Die wachsende Beliebtheit des Feng Shui hat zu einer Flut an Information zu diesem Thema gef\u00fchrt, Informationen, die sich oft auf die Erkl\u00e4rung der chinesischen Systeme, Philosophien und Theorien beschr\u00e4nkt, die dem Feng Shui zugrundeliegen.\u00a0 Dieses Buch ist anders! W\u00e4hrend des Schreibens reifte in mir die Idee, da\u00df ich damit besch\u00e4ftigt war, eine Br\u00fccke zwischen zwei Kulturen zu schlagen.<\/p>\n<p>Einerseits haben wir die uralte chinesische Kultur voller Symbolik und Mystik, auf der die Ideen des Feng Shui beruhen, andererseits die moderne, n\u00fcchterne Gartengestaltung und Innenarchitektur, die seltsamerweise viele unerwartete \u00dcbereinstimmungen mit den Zielsetzungen, wie sie auch im Feng Shui gelten, zeigen. Die Verbindung dieser scheinbar v\u00f6llig verschiedenen Ansichten ist in diesem Buch in Worte gefa\u00dft.&#8220;<\/p>\n<p>Ronald Faber<\/p>\n<p>Neupreis: 7,90 Euro<\/p>\n","protected":false},"excerpt":{"rendered":"<p>TB<\/p>\n","protected":false},"featured_media":6896,"template":"","meta":[],"product_brand":[],"product_cat":[219,56],"product_tag":[874,875],"class_list":{"0":"post-6895","1":"product","2":"type-product","3":"status-publish","4":"has-post-thumbnail","6":"product_cat-literatur-restekiste","7":"product_cat-restekiste","8":"product_tag-feng-shui","9":"product_tag-wohnen","10":"product_shipping_class-brief","12":"first","13":"instock","14":"taxable","15":"shipping-taxable","16":"purchasable","17":"product-type-simple"},"_links":{"self":[{"href":"https:\/\/shop.mittgard.de\/index.php?rest_route=\/wp\/v2\/product\/6895","targetHints":{"allow":["GET"]}}],"collection":[{"href":"https:\/\/shop.mittgard.de\/index.php?rest_route=\/wp\/v2\/product"}],"about":[{"href":"https:\/\/shop.mittgard.de\/index.php?rest_route=\/wp\/v2\/types\/product"}],"wp:featuredmedia":[{"embeddable":true,"href":"https:\/\/shop.mittgard.de\/index.php?rest_route=\/wp\/v2\/media\/6896"}],"wp:attachment":[{"href":"https:\/\/shop.mittgard.de\/index.php?rest_route=%2Fwp%2Fv2%2Fmedia&parent=6895"}],"wp:term":[{"taxonomy":"product_brand","embeddable":true,"href":"https:\/\/shop.mittgard.de\/index.php?rest_route=%2Fwp%2Fv2%2Fproduct_brand&post=6895"},{"taxonomy":"product_cat","embeddable":true,"href":"https:\/\/shop.mittgard.de\/index.php?rest_route=%2Fwp%2Fv2%2Fproduct_cat&post=6895"},{"taxonomy":"product_tag","embeddable":true,"href":"https:\/\/shop.mittgard.de\/index.php?rest_route=%2Fwp%2Fv2%2Fproduct_tag&post=6895"}],"curies":[{"name":"wp","href":"https:\/\/api.w.org\/{rel}","templated":true}]}}