{"id":691,"date":"2018-03-07T00:40:05","date_gmt":"2018-03-06T23:40:05","guid":{"rendered":"http:\/\/shop.mittgard.de\/?product=import-placeholder-for-106"},"modified":"2026-03-25T14:31:11","modified_gmt":"2026-03-25T13:31:11","slug":"mandeln-50g","status":"publish","type":"product","link":"https:\/\/shop.mittgard.de\/?product=mandeln-50g","title":{"rendered":"Mandeln, s\u00fc\u00df, ganz (50g)"},"content":{"rendered":"<p>Fr\u00fcchte, s\u00fc\u00df, ganz<\/p>\n<p>blumig-nu\u00dfartig f\u00fcr Kuchen &amp; Geb\u00e4ck, Obstsalat<\/p>\n\r\n\t<a class=\"paoc-popup-click paoc-popup-cust-7297 paoc-popup-simple_link paoc-popup-link\" href=\"javascript:void(0);\">Geschichtliches samt Rezept<\/a>\r\n\r\n\n","protected":false},"excerpt":{"rendered":"<p>Fr\u00fcchte, s\u00fc\u00df, ganz blumig-nu\u00dfartig f\u00fcr Kuchen &amp; Geb\u00e4ck, Obstsalat<\/p>\n","protected":false},"featured_media":6870,"template":"","meta":[],"product_brand":[],"product_cat":[35,16],"product_tag":[857],"class_list":{"0":"post-691","1":"product","2":"type-product","3":"status-publish","4":"has-post-thumbnail","6":"product_cat-gewuerze","7":"product_cat-kraeuter","8":"product_tag-nussig","9":"product_shipping_class-paket","11":"first","12":"onbackorder","13":"taxable","14":"shipping-taxable","15":"purchasable","16":"product-type-simple"},"_links":{"self":[{"href":"https:\/\/shop.mittgard.de\/index.php?rest_route=\/wp\/v2\/product\/691","targetHints":{"allow":["GET"]}}],"collection":[{"href":"https:\/\/shop.mittgard.de\/index.php?rest_route=\/wp\/v2\/product"}],"about":[{"href":"https:\/\/shop.mittgard.de\/index.php?rest_route=\/wp\/v2\/types\/product"}],"wp:featuredmedia":[{"embeddable":true,"href":"https:\/\/shop.mittgard.de\/index.php?rest_route=\/wp\/v2\/media\/6870"}],"wp:attachment":[{"href":"https:\/\/shop.mittgard.de\/index.php?rest_route=%2Fwp%2Fv2%2Fmedia&parent=691"}],"wp:term":[{"taxonomy":"product_brand","embeddable":true,"href":"https:\/\/shop.mittgard.de\/index.php?rest_route=%2Fwp%2Fv2%2Fproduct_brand&post=691"},{"taxonomy":"product_cat","embeddable":true,"href":"https:\/\/shop.mittgard.de\/index.php?rest_route=%2Fwp%2Fv2%2Fproduct_cat&post=691"},{"taxonomy":"product_tag","embeddable":true,"href":"https:\/\/shop.mittgard.de\/index.php?rest_route=%2Fwp%2Fv2%2Fproduct_tag&post=691"}],"curies":[{"name":"wp","href":"https:\/\/api.w.org\/{rel}","templated":true}]}}