{"id":693,"date":"2018-03-07T00:40:06","date_gmt":"2018-03-06T23:40:06","guid":{"rendered":"http:\/\/shop.mittgard.de\/?product=import-placeholder-for-108"},"modified":"2026-03-25T14:34:17","modified_gmt":"2026-03-25T13:34:17","slug":"muskat-50g","status":"publish","type":"product","link":"https:\/\/shop.mittgard.de\/?product=muskat-50g","title":{"rendered":"Muskatbl\u00fcte (Macis), geschnitten (50g)"},"content":{"rendered":"<p>Bl\u00fcte (Macis), geschnitten<\/p>\n<p>w\u00fcrzig &amp; leicht brennend f\u00fcr Obstsalat &amp; Lebkuchen, Fleischbr\u00fche, gekochtem Fisch &amp; Gem\u00fcse<\/p>\n\r\n\t<a class=\"paoc-popup-click paoc-popup-cust-7200 paoc-popup-simple_link paoc-popup-link\" href=\"javascript:void(0);\">Geschichtliches samt Rezept<\/a>\r\n\r\n\n","protected":false},"excerpt":{"rendered":"<p>Bl\u00fcte (Macis), geschnitten w\u00fcrzig &amp; leicht brennend f\u00fcr Obstsalat &amp; Lebkuchen, Fleischbr\u00fche, gekochtem Fisch &amp; Gem\u00fcse<\/p>\n","protected":false},"featured_media":1222,"template":"","meta":[],"product_brand":[],"product_cat":[35,16],"product_tag":[133],"class_list":{"0":"post-693","1":"product","2":"type-product","3":"status-publish","4":"has-post-thumbnail","6":"product_cat-gewuerze","7":"product_cat-kraeuter","8":"product_tag-wuerzig","9":"product_shipping_class-paket","11":"first","12":"instock","13":"taxable","14":"shipping-taxable","15":"purchasable","16":"product-type-simple"},"_links":{"self":[{"href":"https:\/\/shop.mittgard.de\/index.php?rest_route=\/wp\/v2\/product\/693","targetHints":{"allow":["GET"]}}],"collection":[{"href":"https:\/\/shop.mittgard.de\/index.php?rest_route=\/wp\/v2\/product"}],"about":[{"href":"https:\/\/shop.mittgard.de\/index.php?rest_route=\/wp\/v2\/types\/product"}],"wp:featuredmedia":[{"embeddable":true,"href":"https:\/\/shop.mittgard.de\/index.php?rest_route=\/wp\/v2\/media\/1222"}],"wp:attachment":[{"href":"https:\/\/shop.mittgard.de\/index.php?rest_route=%2Fwp%2Fv2%2Fmedia&parent=693"}],"wp:term":[{"taxonomy":"product_brand","embeddable":true,"href":"https:\/\/shop.mittgard.de\/index.php?rest_route=%2Fwp%2Fv2%2Fproduct_brand&post=693"},{"taxonomy":"product_cat","embeddable":true,"href":"https:\/\/shop.mittgard.de\/index.php?rest_route=%2Fwp%2Fv2%2Fproduct_cat&post=693"},{"taxonomy":"product_tag","embeddable":true,"href":"https:\/\/shop.mittgard.de\/index.php?rest_route=%2Fwp%2Fv2%2Fproduct_tag&post=693"}],"curies":[{"name":"wp","href":"https:\/\/api.w.org\/{rel}","templated":true}]}}