{"id":696,"date":"2018-03-07T00:40:06","date_gmt":"2018-03-06T23:40:06","guid":{"rendered":"http:\/\/shop.mittgard.de\/?product=import-placeholder-for-111"},"modified":"2026-03-25T14:32:07","modified_gmt":"2026-03-25T13:32:07","slug":"muskat-50g-4","status":"publish","type":"product","link":"https:\/\/shop.mittgard.de\/?product=muskat-50g-4","title":{"rendered":"Muskat, Nu\u00df, gemahlen (50g)"},"content":{"rendered":"<p>Nu\u00df, gemahlen<\/p>\n<p>herzhaft-bitter f\u00fcr Fleisch, Gem\u00fcse, Kartoffelbrei, K\u00e4seauflauf &amp; Pastete, Geb\u00e4ck &amp; Obstsalat, Schokolade &amp; Lik\u00f6r<\/p>\n\r\n\t<a class=\"paoc-popup-click paoc-popup-cust-7167 paoc-popup-simple_link paoc-popup-link\" href=\"javascript:void(0);\">Geschichtliches samt Rezept<\/a>\r\n\r\n\n","protected":false},"excerpt":{"rendered":"<p>Nu\u00df, gemahlen herzhaft-bitter f\u00fcr Fleisch, Gem\u00fcse, Kartoffelbrei, K\u00e4seauflauf &amp; Pastete, Geb\u00e4ck &amp; Obstsalat, Schokolade &amp; Lik\u00f6r<\/p>\n","protected":false},"featured_media":1224,"template":"","meta":[],"product_brand":[],"product_cat":[35,16],"product_tag":[],"class_list":{"0":"post-696","1":"product","2":"type-product","3":"status-publish","4":"has-post-thumbnail","6":"product_cat-gewuerze","7":"product_cat-kraeuter","8":"product_shipping_class-paket","10":"first","11":"instock","12":"taxable","13":"shipping-taxable","14":"purchasable","15":"product-type-simple"},"_links":{"self":[{"href":"https:\/\/shop.mittgard.de\/index.php?rest_route=\/wp\/v2\/product\/696","targetHints":{"allow":["GET"]}}],"collection":[{"href":"https:\/\/shop.mittgard.de\/index.php?rest_route=\/wp\/v2\/product"}],"about":[{"href":"https:\/\/shop.mittgard.de\/index.php?rest_route=\/wp\/v2\/types\/product"}],"wp:featuredmedia":[{"embeddable":true,"href":"https:\/\/shop.mittgard.de\/index.php?rest_route=\/wp\/v2\/media\/1224"}],"wp:attachment":[{"href":"https:\/\/shop.mittgard.de\/index.php?rest_route=%2Fwp%2Fv2%2Fmedia&parent=696"}],"wp:term":[{"taxonomy":"product_brand","embeddable":true,"href":"https:\/\/shop.mittgard.de\/index.php?rest_route=%2Fwp%2Fv2%2Fproduct_brand&post=696"},{"taxonomy":"product_cat","embeddable":true,"href":"https:\/\/shop.mittgard.de\/index.php?rest_route=%2Fwp%2Fv2%2Fproduct_cat&post=696"},{"taxonomy":"product_tag","embeddable":true,"href":"https:\/\/shop.mittgard.de\/index.php?rest_route=%2Fwp%2Fv2%2Fproduct_tag&post=696"}],"curies":[{"name":"wp","href":"https:\/\/api.w.org\/{rel}","templated":true}]}}