{"id":717,"date":"2018-03-07T00:40:13","date_gmt":"2018-03-06T23:40:13","guid":{"rendered":"http:\/\/shop.mittgard.de\/?product=import-placeholder-for-132"},"modified":"2026-03-25T14:50:09","modified_gmt":"2026-03-25T13:50:09","slug":"sellerie-50g","status":"publish","type":"product","link":"https:\/\/shop.mittgard.de\/?product=sellerie-50g","title":{"rendered":"Sellerie, Bl\u00e4tter, gerebelt (50g)"},"content":{"rendered":"<p>Bl\u00e4tter, gerebelt<\/p>\n<p>herzhaft w\u00fcrzig f\u00fcr Suppen &amp; Br\u00fche, auf Schwarzbrot &amp; K\u00e4se, appetitanregend &amp; harntreibend; Nierenkranke sollten ihn meiden!<\/p>\n\r\n\t<a class=\"paoc-popup-click paoc-popup-cust-7177 paoc-popup-simple_link paoc-popup-link\" href=\"javascript:void(0);\">Geschichtliches samt Rezept<\/a>\r\n\r\n\n","protected":false},"excerpt":{"rendered":"<p>Bl\u00e4tter, gerebelt herzhaft w\u00fcrzig f\u00fcr Suppen &amp; Br\u00fche, auf Schwarzbrot &amp; K\u00e4se, appetitanregend &amp; harntreibend; Nierenkranke sollten ihn meiden!<\/p>\n","protected":false},"featured_media":11101,"template":"","meta":[],"product_brand":[],"product_cat":[35,16],"product_tag":[74,75,860],"class_list":{"0":"post-717","1":"product","2":"type-product","3":"status-publish","4":"has-post-thumbnail","6":"product_cat-gewuerze","7":"product_cat-kraeuter","8":"product_tag-appetitanregend","9":"product_tag-harntreibend","10":"product_tag-herzhaft","11":"product_shipping_class-paket","13":"first","14":"instock","15":"taxable","16":"shipping-taxable","17":"purchasable","18":"product-type-simple"},"_links":{"self":[{"href":"https:\/\/shop.mittgard.de\/index.php?rest_route=\/wp\/v2\/product\/717","targetHints":{"allow":["GET"]}}],"collection":[{"href":"https:\/\/shop.mittgard.de\/index.php?rest_route=\/wp\/v2\/product"}],"about":[{"href":"https:\/\/shop.mittgard.de\/index.php?rest_route=\/wp\/v2\/types\/product"}],"wp:featuredmedia":[{"embeddable":true,"href":"https:\/\/shop.mittgard.de\/index.php?rest_route=\/wp\/v2\/media\/11101"}],"wp:attachment":[{"href":"https:\/\/shop.mittgard.de\/index.php?rest_route=%2Fwp%2Fv2%2Fmedia&parent=717"}],"wp:term":[{"taxonomy":"product_brand","embeddable":true,"href":"https:\/\/shop.mittgard.de\/index.php?rest_route=%2Fwp%2Fv2%2Fproduct_brand&post=717"},{"taxonomy":"product_cat","embeddable":true,"href":"https:\/\/shop.mittgard.de\/index.php?rest_route=%2Fwp%2Fv2%2Fproduct_cat&post=717"},{"taxonomy":"product_tag","embeddable":true,"href":"https:\/\/shop.mittgard.de\/index.php?rest_route=%2Fwp%2Fv2%2Fproduct_tag&post=717"}],"curies":[{"name":"wp","href":"https:\/\/api.w.org\/{rel}","templated":true}]}}