{"id":7313,"date":"2019-03-05T13:25:41","date_gmt":"2019-03-05T12:25:41","guid":{"rendered":"http:\/\/shop.mittgard.de\/?post_type=product&#038;p=7313"},"modified":"2026-04-15T09:12:18","modified_gmt":"2026-04-15T07:12:18","slug":"goos-gunivortus-germanische-magie","status":"publish","type":"product","link":"https:\/\/shop.mittgard.de\/?product=goos-gunivortus-germanische-magie","title":{"rendered":"Goos, Gunivortus &#8222;Germanische Magie&#8220;"},"content":{"rendered":"<p>Geschichte &#8211; Mythologie &#8211; Zauber der Runen<\/p>\n<p>Runen &#8211; die geheimnisvollen Zeichen der germanischen V\u00f6lkerbilden den Schwerpunkt dieses Buches. Waren es Schriftzeichen? Oder Zauberzeichen? Oder beides?<\/p>\n<p>Hier sind die neuesten Forschungsergebnisse dazu zusammengetragen.Im ersten Teil des Buches erl\u00e4utert Gunivortus Goos die Geschichte der Runeninschriften und des Runenritzens, gefolgt von einer ausf\u00fchrlichen Mythologieforschung im zweiten Teil. Der Hauptteil des Werkes besch\u00e4ftigt sich mit der magischen Nutzung der Runen, erg\u00e4nzt mit Bez\u00fcgen zu Tarot, Numerologie, Astrologie, I-Ging, Gottheiten, Musik und vielem Weiteren.<\/p>\n<p>Die beschriebene germanische Magie ist eine moderne Interpretation der Magie, wie sie nach den historischen Quellen unsere Ahnen betrieben haben.\u00a0 Im Gegenzug zur modernen westlichen Ritualmagie beinhaltet die hier vorgestellte germanische Magie keinerlei Formen der Evokation (Beschw\u00f6rung), in der Kr\u00e4fte gezwungen werden.\u00a0 Hier wird mit den Kr\u00e4ften des Menschen, der sie aus\u00fcbt, oder den Kr\u00e4ften der Gegenst\u00e4nde und Praktiken, die er verwendet, gearbeitet. Sie ist nicht Beschw\u00f6rung, sondern Technik, die ohne Hilfe m\u00e4chtigerer Wesen aus sich selbst wirkt.<\/p>\n<p>Der Autor mischt gekonnt alt\u00fcberlieferte Praktiken mit Ans\u00e4tzen aus der Ritualmagie des 20. Jahrhunderts. Somit ist dieses Buch keine blo\u00dfe Wiederbelebung des Alten, sondern er macht dieses f\u00fcr die Menschen von heute wieder greifbar.<\/p>\n<p>Runenkunde und Runenerfahrungen stehen in diesem ausf\u00fchrlichen Buch gleichberechtigt nebeneinander.<\/p>\n<p>Gebundene Ausgabe, 560 Seiten<\/p>\n","protected":false},"excerpt":{"rendered":"<p>HC<\/p>\n","protected":false},"featured_media":7314,"template":"","meta":[],"product_brand":[],"product_cat":[191,193,185,198],"product_tag":[336,376,319],"class_list":{"0":"post-7313","1":"product","2":"type-product","3":"status-publish","4":"has-post-thumbnail","6":"product_cat-divination-orakel","7":"product_cat-germanen","8":"product_cat-literatur","9":"product_cat-magie","10":"product_tag-germanen","11":"product_tag-magie","12":"product_tag-runen","13":"product_shipping_class-paket","15":"first","16":"onbackorder","17":"taxable","18":"shipping-taxable","19":"purchasable","20":"product-type-simple"},"_links":{"self":[{"href":"https:\/\/shop.mittgard.de\/index.php?rest_route=\/wp\/v2\/product\/7313","targetHints":{"allow":["GET"]}}],"collection":[{"href":"https:\/\/shop.mittgard.de\/index.php?rest_route=\/wp\/v2\/product"}],"about":[{"href":"https:\/\/shop.mittgard.de\/index.php?rest_route=\/wp\/v2\/types\/product"}],"wp:featuredmedia":[{"embeddable":true,"href":"https:\/\/shop.mittgard.de\/index.php?rest_route=\/wp\/v2\/media\/7314"}],"wp:attachment":[{"href":"https:\/\/shop.mittgard.de\/index.php?rest_route=%2Fwp%2Fv2%2Fmedia&parent=7313"}],"wp:term":[{"taxonomy":"product_brand","embeddable":true,"href":"https:\/\/shop.mittgard.de\/index.php?rest_route=%2Fwp%2Fv2%2Fproduct_brand&post=7313"},{"taxonomy":"product_cat","embeddable":true,"href":"https:\/\/shop.mittgard.de\/index.php?rest_route=%2Fwp%2Fv2%2Fproduct_cat&post=7313"},{"taxonomy":"product_tag","embeddable":true,"href":"https:\/\/shop.mittgard.de\/index.php?rest_route=%2Fwp%2Fv2%2Fproduct_tag&post=7313"}],"curies":[{"name":"wp","href":"https:\/\/api.w.org\/{rel}","templated":true}]}}