{"id":733,"date":"2018-03-07T00:40:15","date_gmt":"2018-03-06T23:40:15","guid":{"rendered":"http:\/\/shop.mittgard.de\/?product=import-placeholder-for-148"},"modified":"2026-03-25T15:23:20","modified_gmt":"2026-03-25T14:23:20","slug":"zimt-50g-3","status":"publish","type":"product","link":"https:\/\/shop.mittgard.de\/?product=zimt-50g-3","title":{"rendered":"Zimt, Ceylon, Stangen, ganz (50g)"},"content":{"rendered":"<p>Rinde, Ceylon, Stangen, ganz<\/p>\n<p>blumig-s\u00fc\u00df f\u00fcr Milch- &amp; Mehlspei\u00dfen, Kompott &amp; Kuchen, Hammel- &amp; G\u00e4nsebraten, Obstsuppen, Apfel- &amp; Pflaumenmus, Gl\u00fchwein &amp; Punsch, Kaffee<\/p>\n\r\n\t<a class=\"paoc-popup-click paoc-popup-cust-7185 paoc-popup-simple_link paoc-popup-link\" href=\"javascript:void(0);\">Geschichtliches samt Rezept<\/a>\r\n\r\n\n","protected":false},"excerpt":{"rendered":"<p>Rinde, Ceylon, Stangen, ganz blumig-s\u00fc\u00df f\u00fcr Milch- &amp; Mehlspei\u00dfen, Kompott &amp; Kuchen, Hammel- &amp; G\u00e4nsebraten, Obstsuppen, Apfel- &amp; Pflaumenmus, Gl\u00fchwein &amp; Punsch, Kaffee<\/p>\n","protected":false},"featured_media":9743,"template":"","meta":[],"product_brand":[],"product_cat":[35,16],"product_tag":[861,166,129],"class_list":{"0":"post-733","1":"product","2":"type-product","3":"status-publish","4":"has-post-thumbnail","6":"product_cat-gewuerze","7":"product_cat-kraeuter","8":"product_tag-dekoration","9":"product_tag-orientalisch","10":"product_tag-suesslich","11":"product_shipping_class-paket","13":"first","14":"instock","15":"taxable","16":"shipping-taxable","17":"purchasable","18":"product-type-simple"},"_links":{"self":[{"href":"https:\/\/shop.mittgard.de\/index.php?rest_route=\/wp\/v2\/product\/733","targetHints":{"allow":["GET"]}}],"collection":[{"href":"https:\/\/shop.mittgard.de\/index.php?rest_route=\/wp\/v2\/product"}],"about":[{"href":"https:\/\/shop.mittgard.de\/index.php?rest_route=\/wp\/v2\/types\/product"}],"wp:featuredmedia":[{"embeddable":true,"href":"https:\/\/shop.mittgard.de\/index.php?rest_route=\/wp\/v2\/media\/9743"}],"wp:attachment":[{"href":"https:\/\/shop.mittgard.de\/index.php?rest_route=%2Fwp%2Fv2%2Fmedia&parent=733"}],"wp:term":[{"taxonomy":"product_brand","embeddable":true,"href":"https:\/\/shop.mittgard.de\/index.php?rest_route=%2Fwp%2Fv2%2Fproduct_brand&post=733"},{"taxonomy":"product_cat","embeddable":true,"href":"https:\/\/shop.mittgard.de\/index.php?rest_route=%2Fwp%2Fv2%2Fproduct_cat&post=733"},{"taxonomy":"product_tag","embeddable":true,"href":"https:\/\/shop.mittgard.de\/index.php?rest_route=%2Fwp%2Fv2%2Fproduct_tag&post=733"}],"curies":[{"name":"wp","href":"https:\/\/api.w.org\/{rel}","templated":true}]}}