{"id":7345,"date":"2019-03-11T09:44:25","date_gmt":"2019-03-11T08:44:25","guid":{"rendered":"http:\/\/shop.mittgard.de\/?post_type=product&#038;p=7345"},"modified":"2024-12-13T13:51:34","modified_gmt":"2024-12-13T12:51:34","slug":"wolfskopffibel-bronze","status":"publish","type":"product","link":"https:\/\/shop.mittgard.de\/?product=wolfskopffibel-bronze","title":{"rendered":"Wolfskopffibel Bronze"},"content":{"rendered":"<p>Ringfibel mit drei isl\u00e4ndischen Wolfsk\u00f6pfen mit verst\u00e4rkter ca. 9 cm langer Nadel &#8211; h\u00e4lt so auch schwere Umh\u00e4nge zusammen<\/p>\n<p>\u2205 5,5 cm Schmuckbronze<\/p>\n","protected":false},"excerpt":{"rendered":"<p>Ringfibel mit drei isl\u00e4ndischen Wolfsk\u00f6pfen mit verst\u00e4rkter ca. 9 cm langer Nadel &#8211; h\u00e4lt so auch schwere Umh\u00e4nge zusammen \u2205 5,5 cm Schmuckbronze<\/p>\n","protected":false},"featured_media":7346,"template":"","meta":[],"product_brand":[],"product_cat":[475,456,455],"product_tag":[472,611,357,889,890,311],"class_list":{"0":"post-7345","1":"product","2":"type-product","3":"status-publish","4":"has-post-thumbnail","6":"product_cat-fibeln","7":"product_cat-germanen-wikinger","8":"product_cat-schmuck","9":"product_tag-bronze","10":"product_tag-gewandschliesse","11":"product_tag-island","12":"product_tag-ringfibel","13":"product_tag-umhang","14":"product_tag-wikinger","15":"product_shipping_class-brief","17":"first","18":"onbackorder","19":"taxable","20":"shipping-taxable","21":"purchasable","22":"product-type-simple"},"_links":{"self":[{"href":"https:\/\/shop.mittgard.de\/index.php?rest_route=\/wp\/v2\/product\/7345","targetHints":{"allow":["GET"]}}],"collection":[{"href":"https:\/\/shop.mittgard.de\/index.php?rest_route=\/wp\/v2\/product"}],"about":[{"href":"https:\/\/shop.mittgard.de\/index.php?rest_route=\/wp\/v2\/types\/product"}],"wp:featuredmedia":[{"embeddable":true,"href":"https:\/\/shop.mittgard.de\/index.php?rest_route=\/wp\/v2\/media\/7346"}],"wp:attachment":[{"href":"https:\/\/shop.mittgard.de\/index.php?rest_route=%2Fwp%2Fv2%2Fmedia&parent=7345"}],"wp:term":[{"taxonomy":"product_brand","embeddable":true,"href":"https:\/\/shop.mittgard.de\/index.php?rest_route=%2Fwp%2Fv2%2Fproduct_brand&post=7345"},{"taxonomy":"product_cat","embeddable":true,"href":"https:\/\/shop.mittgard.de\/index.php?rest_route=%2Fwp%2Fv2%2Fproduct_cat&post=7345"},{"taxonomy":"product_tag","embeddable":true,"href":"https:\/\/shop.mittgard.de\/index.php?rest_route=%2Fwp%2Fv2%2Fproduct_tag&post=7345"}],"curies":[{"name":"wp","href":"https:\/\/api.w.org\/{rel}","templated":true}]}}