{"id":766,"date":"2018-03-07T00:40:23","date_gmt":"2018-03-06T23:40:23","guid":{"rendered":"http:\/\/shop.mittgard.de\/?product=import-placeholder-for-181"},"modified":"2026-03-25T15:51:46","modified_gmt":"2026-03-25T14:51:46","slug":"mate-100g-2","status":"publish","type":"product","link":"https:\/\/shop.mittgard.de\/?product=mate-100g-2","title":{"rendered":"Mate, Bl\u00e4tter, gr\u00fcn, geschnitten (100g)"},"content":{"rendered":"<p>gr\u00fcn, geschnitten<\/p>\n<p>Wachmacher aus S\u00fcdamerika<\/p>\n\r\n\t<a class=\"paoc-popup-click paoc-popup-cust-9106 paoc-popup-simple_link paoc-popup-link\" href=\"javascript:void(0);\">Geschichtliches<\/a>\r\n\r\n\n","protected":false},"excerpt":{"rendered":"<p>gr\u00fcn, geschnitten Wachmacher aus S\u00fcdamerika<\/p>\n","protected":false},"featured_media":11951,"template":"","meta":[],"product_brand":[],"product_cat":[16,37],"product_tag":[864],"class_list":{"0":"post-766","1":"product","2":"type-product","3":"status-publish","4":"has-post-thumbnail","6":"product_cat-kraeuter","7":"product_cat-tee-und-ansatzkraeuter","8":"product_tag-anregend","9":"product_shipping_class-paket","11":"first","12":"instock","13":"taxable","14":"shipping-taxable","15":"purchasable","16":"product-type-simple"},"_links":{"self":[{"href":"https:\/\/shop.mittgard.de\/index.php?rest_route=\/wp\/v2\/product\/766","targetHints":{"allow":["GET"]}}],"collection":[{"href":"https:\/\/shop.mittgard.de\/index.php?rest_route=\/wp\/v2\/product"}],"about":[{"href":"https:\/\/shop.mittgard.de\/index.php?rest_route=\/wp\/v2\/types\/product"}],"wp:featuredmedia":[{"embeddable":true,"href":"https:\/\/shop.mittgard.de\/index.php?rest_route=\/wp\/v2\/media\/11951"}],"wp:attachment":[{"href":"https:\/\/shop.mittgard.de\/index.php?rest_route=%2Fwp%2Fv2%2Fmedia&parent=766"}],"wp:term":[{"taxonomy":"product_brand","embeddable":true,"href":"https:\/\/shop.mittgard.de\/index.php?rest_route=%2Fwp%2Fv2%2Fproduct_brand&post=766"},{"taxonomy":"product_cat","embeddable":true,"href":"https:\/\/shop.mittgard.de\/index.php?rest_route=%2Fwp%2Fv2%2Fproduct_cat&post=766"},{"taxonomy":"product_tag","embeddable":true,"href":"https:\/\/shop.mittgard.de\/index.php?rest_route=%2Fwp%2Fv2%2Fproduct_tag&post=766"}],"curies":[{"name":"wp","href":"https:\/\/api.w.org\/{rel}","templated":true}]}}