{"id":7714,"date":"2019-05-24T12:54:58","date_gmt":"2019-05-24T10:54:58","guid":{"rendered":"http:\/\/shop.mittgard.de\/?post_type=product&#038;p=7714"},"modified":"2024-12-15T17:01:30","modified_gmt":"2024-12-15T16:01:30","slug":"wisdom-fields-mcbride-noon-gladiatoren","status":"publish","type":"product","link":"https:\/\/shop.mittgard.de\/?product=wisdom-fields-mcbride-noon-gladiatoren","title":{"rendered":"Wisdom, Fields, McBride, Noon &#8222;Gladiatoren&#8220;"},"content":{"rendered":"<p>Bei etruskischen Begr\u00e4bnissen wurde zur Ehre und zum Geleit der Toten Kampfspiel durch die hinterbliebenen Angeh\u00f6rigen veranstaltet. Aus diesem alten Bestattungsritus entwickelte sich die antike Tradition der Gladiatoren. Im r\u00f6mischen Reich wurden diese Berufsk\u00e4mpfer die Unterhalter und Stars des gemeinen Volkes. Ihre Zahl rekrutierte sich aus Kriegsgefangenen, Sklaven, und anderen Unfreien. Sie waren der Mittelpunkt der \u00f6ffentlichen Schauspiele und bewunderte Helden des einfachen Volkes. Dieser Kultstatus brachte einigen wenigen Erfolgreichen Wohlstand und Einfluss bis hin zum politischen Leben, die meisten jedoch opferten in der Arena ihr Leben&#8230;<\/p>\n<p>Gebundene Ausgabe, 144 Seiten<\/p>\n","protected":false},"excerpt":{"rendered":"<p>Bei etruskischen Begr\u00e4bnissen wurde zur Ehre und zum Geleit der Toten Kampfspiel durch die hinterbliebenen Angeh\u00f6rigen veranstaltet. Aus diesem alten Bestattungsritus entwickelte sich die antike Tradition der Gladiatoren. Im r\u00f6mischen Reich wurden diese Berufsk\u00e4mpfer die Unterhalter und Stars des gemeinen Volkes. Ihre Zahl rekrutierte sich aus Kriegsgefangenen, Sklaven, und anderen Unfreien. Sie waren der Mittelpunkt &hellip; <\/p>\n<p class=\"link-more\"><a href=\"https:\/\/shop.mittgard.de\/?product=wisdom-fields-mcbride-noon-gladiatoren\" class=\"more-link\"><span class=\"screen-reader-text\">\u201eWisdom, Fields, McBride, Noon &#8222;Gladiatoren&#8220;\u201c <\/span>weiterlesen<\/a><\/p>\n","protected":false},"featured_media":7715,"template":"","meta":[],"product_brand":[],"product_cat":[192,185],"product_tag":[917,918,255,314],"class_list":{"0":"post-7714","1":"product","2":"type-product","3":"status-publish","4":"has-post-thumbnail","6":"product_cat-geschichte","7":"product_cat-literatur","8":"product_tag-gladiatoren","9":"product_tag-kaempfer","10":"product_tag-reenactment","11":"product_tag-roemer","12":"product_shipping_class-paket","14":"first","15":"onbackorder","16":"taxable","17":"shipping-taxable","18":"purchasable","19":"product-type-simple"},"_links":{"self":[{"href":"https:\/\/shop.mittgard.de\/index.php?rest_route=\/wp\/v2\/product\/7714","targetHints":{"allow":["GET"]}}],"collection":[{"href":"https:\/\/shop.mittgard.de\/index.php?rest_route=\/wp\/v2\/product"}],"about":[{"href":"https:\/\/shop.mittgard.de\/index.php?rest_route=\/wp\/v2\/types\/product"}],"wp:featuredmedia":[{"embeddable":true,"href":"https:\/\/shop.mittgard.de\/index.php?rest_route=\/wp\/v2\/media\/7715"}],"wp:attachment":[{"href":"https:\/\/shop.mittgard.de\/index.php?rest_route=%2Fwp%2Fv2%2Fmedia&parent=7714"}],"wp:term":[{"taxonomy":"product_brand","embeddable":true,"href":"https:\/\/shop.mittgard.de\/index.php?rest_route=%2Fwp%2Fv2%2Fproduct_brand&post=7714"},{"taxonomy":"product_cat","embeddable":true,"href":"https:\/\/shop.mittgard.de\/index.php?rest_route=%2Fwp%2Fv2%2Fproduct_cat&post=7714"},{"taxonomy":"product_tag","embeddable":true,"href":"https:\/\/shop.mittgard.de\/index.php?rest_route=%2Fwp%2Fv2%2Fproduct_tag&post=7714"}],"curies":[{"name":"wp","href":"https:\/\/api.w.org\/{rel}","templated":true}]}}