{"id":7725,"date":"2019-05-24T13:14:26","date_gmt":"2019-05-24T11:14:26","guid":{"rendered":"http:\/\/shop.mittgard.de\/?post_type=product&#038;p=7725"},"modified":"2024-12-15T17:02:21","modified_gmt":"2024-12-15T16:02:21","slug":"wise-embleton-ritter-und-ruestungen","status":"publish","type":"product","link":"https:\/\/shop.mittgard.de\/?product=wise-embleton-ritter-und-ruestungen","title":{"rendered":"Wise, Embleton &#8222;Ritter und R\u00fcstungen&#8220;"},"content":{"rendered":"<p>Die Zeit zwischen 1300 und 1500 war in Europa von beinahe st\u00e4ndigem Kriegstreiben beherrscht. Aus den Folgen dieser Kriege bildete sich das Fundament eines Gro\u00dfteils der modernen europ\u00e4ischen Staaten; nationale Heere wurden gegr\u00fcndet, die die Unabh\u00e4ngigkeit der j\u00fcngst eroberten Territorien zu verteidigen hatten, jedoch noch nach feudalem Vorbild gebildet wurden. In diesem Buch werden Aufbau, Waffen und Ausr\u00fcstung der Heere, die im mittelalterlichen Europa k\u00e4mpften, ausf\u00fchrlich erl\u00e4utert &#8211; vom Hundertj\u00e4hrigen Krieg \u00fcber die Reconquista bis zu den franz\u00f6sischen Feldz\u00fcgen in Italien.<\/p>\n<p>Gebundene Ausgabe, 76 Seiten<\/p>\n","protected":false},"excerpt":{"rendered":"<p>Die Zeit zwischen 1300 und 1500 war in Europa von beinahe st\u00e4ndigem Kriegstreiben beherrscht. Aus den Folgen dieser Kriege bildete sich das Fundament eines Gro\u00dfteils der modernen europ\u00e4ischen Staaten; nationale Heere wurden gegr\u00fcndet, die die Unabh\u00e4ngigkeit der j\u00fcngst eroberten Territorien zu verteidigen hatten, jedoch noch nach feudalem Vorbild gebildet wurden. In diesem Buch werden Aufbau, &hellip; <\/p>\n<p class=\"link-more\"><a href=\"https:\/\/shop.mittgard.de\/?product=wise-embleton-ritter-und-ruestungen\" class=\"more-link\"><span class=\"screen-reader-text\">\u201eWise, Embleton &#8222;Ritter und R\u00fcstungen&#8220;\u201c <\/span>weiterlesen<\/a><\/p>\n","protected":false},"featured_media":7726,"template":"","meta":[],"product_brand":[],"product_cat":[192,185],"product_tag":[236,255,338,302,919],"class_list":{"0":"post-7725","1":"product","2":"type-product","3":"status-publish","4":"has-post-thumbnail","6":"product_cat-geschichte","7":"product_cat-literatur","8":"product_tag-mittelalter","9":"product_tag-reenactment","10":"product_tag-ritter","11":"product_tag-ruestung","12":"product_tag-waffen","13":"product_shipping_class-paket","15":"first","16":"onbackorder","17":"taxable","18":"shipping-taxable","19":"purchasable","20":"product-type-simple"},"_links":{"self":[{"href":"https:\/\/shop.mittgard.de\/index.php?rest_route=\/wp\/v2\/product\/7725","targetHints":{"allow":["GET"]}}],"collection":[{"href":"https:\/\/shop.mittgard.de\/index.php?rest_route=\/wp\/v2\/product"}],"about":[{"href":"https:\/\/shop.mittgard.de\/index.php?rest_route=\/wp\/v2\/types\/product"}],"wp:featuredmedia":[{"embeddable":true,"href":"https:\/\/shop.mittgard.de\/index.php?rest_route=\/wp\/v2\/media\/7726"}],"wp:attachment":[{"href":"https:\/\/shop.mittgard.de\/index.php?rest_route=%2Fwp%2Fv2%2Fmedia&parent=7725"}],"wp:term":[{"taxonomy":"product_brand","embeddable":true,"href":"https:\/\/shop.mittgard.de\/index.php?rest_route=%2Fwp%2Fv2%2Fproduct_brand&post=7725"},{"taxonomy":"product_cat","embeddable":true,"href":"https:\/\/shop.mittgard.de\/index.php?rest_route=%2Fwp%2Fv2%2Fproduct_cat&post=7725"},{"taxonomy":"product_tag","embeddable":true,"href":"https:\/\/shop.mittgard.de\/index.php?rest_route=%2Fwp%2Fv2%2Fproduct_tag&post=7725"}],"curies":[{"name":"wp","href":"https:\/\/api.w.org\/{rel}","templated":true}]}}