{"id":783,"date":"2018-03-07T00:40:29","date_gmt":"2018-03-06T23:40:29","guid":{"rendered":"http:\/\/shop.mittgard.de\/?product=import-placeholder-for-198"},"modified":"2026-03-25T09:56:55","modified_gmt":"2026-03-25T08:56:55","slug":"birke-100g-2","status":"publish","type":"product","link":"https:\/\/shop.mittgard.de\/?product=birke-100g-2","title":{"rendered":"Birke, Bl\u00e4tter, geschnitten (100g)"},"content":{"rendered":"<p>Bl\u00e4tter, geschnitten<\/p>\n<p>f\u00e4rbt gelb &#8211; gr\u00fcn<\/p>\n<blockquote>\n<p class=\"western\" align=\"center\">F\u00e4rben mit Birkenbl\u00e4ttern \u2013 kr\u00e4ftiges Gelb<\/p>\n<p class=\"western\">Im Gegensatz zu allen anderen Rezepten handelt es sich hier um eine Einbadf\u00e4rbung, das hei\u00dft, da\u00df das F\u00e4rbegut nicht vorher gebeizt werden mu\u00df, sondern da\u00df das Beizmittel der Farbflotte zugesetzt wird. 200 g getrocknete oder 600 g frische Birkenbl\u00e4tter mit Wasser bedecken und mindestens 6 Stunden einweichen. Die Mischung eine Stunde kochen, dann abk\u00fchlen lassen und durch ein Mulltuch und ein Sieb filtern. Die Bl\u00e4tter gut ausdr\u00fccken. Die Fl\u00fcssigkeit mit Wasser auf 4 \u2013 5 l auff\u00fcllen und 12 g Alaun, das in etwas hei\u00dfem Wasser gel\u00f6st wurde, zusetzen. Die auf 5 l aufgef\u00fcllte Farbflotte wird auf 30\u00b0C erw\u00e4rmt, das F\u00e4rbegut wird eingelegt und je nach Material auf 100\u00b0C oder 70\u00b0C erhitzt. Die F\u00e4rbezeit betr\u00e4gt eine Stunde.<\/p>\n<\/blockquote>\n","protected":false},"excerpt":{"rendered":"<p>Bl\u00e4tter, geschnitten f\u00e4rbt gelb &#8211; gr\u00fcn F\u00e4rben mit Birkenbl\u00e4ttern \u2013 kr\u00e4ftiges Gelb Im Gegensatz zu allen anderen Rezepten handelt es sich hier um eine Einbadf\u00e4rbung, das hei\u00dft, da\u00df das F\u00e4rbegut nicht vorher gebeizt werden mu\u00df, sondern da\u00df das Beizmittel der Farbflotte zugesetzt wird. 200 g getrocknete oder 600 g frische Birkenbl\u00e4tter mit Wasser bedecken und &hellip; <\/p>\n<p class=\"link-more\"><a href=\"https:\/\/shop.mittgard.de\/?product=birke-100g-2\" class=\"more-link\"><span class=\"screen-reader-text\">\u201eBirke, Bl\u00e4tter, geschnitten (100g)\u201c <\/span>weiterlesen<\/a><\/p>\n","protected":false},"featured_media":1593,"template":"","meta":[],"product_brand":[],"product_cat":[38,16],"product_tag":[90,91],"class_list":{"0":"post-783","1":"product","2":"type-product","3":"status-publish","4":"has-post-thumbnail","6":"product_cat-faerbekraeuter","7":"product_cat-kraeuter","8":"product_tag-gelb","9":"product_tag-gruen","10":"product_shipping_class-paket","12":"first","13":"instock","14":"taxable","15":"shipping-taxable","16":"purchasable","17":"product-type-simple"},"_links":{"self":[{"href":"https:\/\/shop.mittgard.de\/index.php?rest_route=\/wp\/v2\/product\/783","targetHints":{"allow":["GET"]}}],"collection":[{"href":"https:\/\/shop.mittgard.de\/index.php?rest_route=\/wp\/v2\/product"}],"about":[{"href":"https:\/\/shop.mittgard.de\/index.php?rest_route=\/wp\/v2\/types\/product"}],"wp:featuredmedia":[{"embeddable":true,"href":"https:\/\/shop.mittgard.de\/index.php?rest_route=\/wp\/v2\/media\/1593"}],"wp:attachment":[{"href":"https:\/\/shop.mittgard.de\/index.php?rest_route=%2Fwp%2Fv2%2Fmedia&parent=783"}],"wp:term":[{"taxonomy":"product_brand","embeddable":true,"href":"https:\/\/shop.mittgard.de\/index.php?rest_route=%2Fwp%2Fv2%2Fproduct_brand&post=783"},{"taxonomy":"product_cat","embeddable":true,"href":"https:\/\/shop.mittgard.de\/index.php?rest_route=%2Fwp%2Fv2%2Fproduct_cat&post=783"},{"taxonomy":"product_tag","embeddable":true,"href":"https:\/\/shop.mittgard.de\/index.php?rest_route=%2Fwp%2Fv2%2Fproduct_tag&post=783"}],"curies":[{"name":"wp","href":"https:\/\/api.w.org\/{rel}","templated":true}]}}