{"id":7839,"date":"2019-06-07T16:41:08","date_gmt":"2019-06-07T14:41:08","guid":{"rendered":"http:\/\/shop.mittgard.de\/?post_type=product&#038;p=7839"},"modified":"2024-12-15T12:02:54","modified_gmt":"2024-12-15T11:02:54","slug":"immler-felix-outdoor-mit-dem-taschenmesser","status":"publish","type":"product","link":"https:\/\/shop.mittgard.de\/?product=immler-felix-outdoor-mit-dem-taschenmesser","title":{"rendered":"Immler, Felix &#8222;Outdoor mit dem Taschenmesser&#8220;"},"content":{"rendered":"<p>Ein Taschenmesser mit S\u00e4ge und dieses kleine Handbuch &#8211; damit sind Sie bestens ausger\u00fcstet, um ein Wildnis-Camp komfortabel einzurichten.<\/p>\n<p>Aus einfachsten Naturmaterialien lassen sich Stuhl, Tisch und Bank bauen, L\u00f6ffel, Messer, Gabel und Essschalen schnitzen und Teller flechten. Und das Brath\u00e4hnchen wird am wasserbetriebenen Grillspie\u00df gebraten. Eine F\u00fclle an praxiserprobten Ideen f\u00fcr spannende Aktivit\u00e4ten vor der Haust\u00fcr, die Jung und Alt begeistern.<\/p>\n<p>Dazu die wichtigsten Anwendungstechniken und Sicherheitsregeln.<\/p>\n<p>Broschiert, 128 Seiten<\/p>\n","protected":false},"excerpt":{"rendered":"<p>Br<\/p>\n","protected":false},"featured_media":7840,"template":"","meta":[],"product_brand":[],"product_cat":[186,197,185],"product_tag":[233,252,932,933],"class_list":{"0":"post-7839","1":"product","2":"type-product","3":"status-publish","4":"has-post-thumbnail","6":"product_cat-alternativ-leben","7":"product_cat-kinderbuecher","8":"product_cat-literatur","9":"product_tag-handwerk","10":"product_tag-kinder","11":"product_tag-wildnis","12":"product_tag-zelten","13":"product_shipping_class-paket","15":"first","16":"onbackorder","17":"taxable","18":"shipping-taxable","19":"purchasable","20":"product-type-simple"},"_links":{"self":[{"href":"https:\/\/shop.mittgard.de\/index.php?rest_route=\/wp\/v2\/product\/7839","targetHints":{"allow":["GET"]}}],"collection":[{"href":"https:\/\/shop.mittgard.de\/index.php?rest_route=\/wp\/v2\/product"}],"about":[{"href":"https:\/\/shop.mittgard.de\/index.php?rest_route=\/wp\/v2\/types\/product"}],"wp:featuredmedia":[{"embeddable":true,"href":"https:\/\/shop.mittgard.de\/index.php?rest_route=\/wp\/v2\/media\/7840"}],"wp:attachment":[{"href":"https:\/\/shop.mittgard.de\/index.php?rest_route=%2Fwp%2Fv2%2Fmedia&parent=7839"}],"wp:term":[{"taxonomy":"product_brand","embeddable":true,"href":"https:\/\/shop.mittgard.de\/index.php?rest_route=%2Fwp%2Fv2%2Fproduct_brand&post=7839"},{"taxonomy":"product_cat","embeddable":true,"href":"https:\/\/shop.mittgard.de\/index.php?rest_route=%2Fwp%2Fv2%2Fproduct_cat&post=7839"},{"taxonomy":"product_tag","embeddable":true,"href":"https:\/\/shop.mittgard.de\/index.php?rest_route=%2Fwp%2Fv2%2Fproduct_tag&post=7839"}],"curies":[{"name":"wp","href":"https:\/\/api.w.org\/{rel}","templated":true}]}}