{"id":7854,"date":"2019-06-07T17:03:30","date_gmt":"2019-06-07T15:03:30","guid":{"rendered":"http:\/\/shop.mittgard.de\/?post_type=product&#038;p=7854"},"modified":"2024-12-16T11:09:46","modified_gmt":"2024-12-16T10:09:46","slug":"madejsky-margret-praxishandbuch-frauenkraeuter","status":"publish","type":"product","link":"https:\/\/shop.mittgard.de\/?product=madejsky-margret-praxishandbuch-frauenkraeuter","title":{"rendered":"Madejsky, Margret &#8222;Praxishandbuch Frauenkr\u00e4uter&#8220;"},"content":{"rendered":"<p>Mit vielen Rezepten und praktischen Heilpflanzen-Anwendungen<\/p>\n<p>Umfassendes Heilpflanzenwissen f\u00fcr Frauen<\/p>\n<p>Antibiotische Heilpflanzen wie Kamille und Kapuzinerkresse oder hormonartig wirkende Pflanzen wie M\u00f6nchspfeffer und Silberkerze haben sich heute in der Frauenheilkunde und Geburtshilfe etabliert. Doch das Pflanzenreich bietet viele weitere Kr\u00e4uter, die bei zahlreichen Frauenleiden lindernd und heilsam wirken.<\/p>\n<p>Dieses Buch verbindet mehr als 25 Jahre frauenheilkundliche Praxiserfahrung mit den neuesten Erkenntnissen der Pflanzenforschung. Es portr\u00e4tiert 120 Frauenkr\u00e4uter, erkl\u00e4rt ihre Hauptwirkungen und bietet \u00fcber 200 bew\u00e4hrte Rezepte, Praxistipps und Hinweise zur Anwendung von Pflanzenarzneien. Ein Handbuch und Nachschlagewerk f\u00fcr Therapeutinnen und f\u00fcr alle Frauen &#8211; \u00fcbersichtlich, praktisch und fundiert.<\/p>\n<p>Broschiert, 237 Seiten<\/p>\n","protected":false},"excerpt":{"rendered":"<p>Br<\/p>\n","protected":false},"featured_media":7855,"template":"","meta":[],"product_brand":[],"product_cat":[185,201],"product_tag":[378,937,416],"class_list":{"0":"post-7854","1":"product","2":"type-product","3":"status-publish","4":"has-post-thumbnail","6":"product_cat-literatur","7":"product_cat-naturheilkunde-kraeuterwissen","8":"product_tag-frauen","9":"product_tag-heilkraeuter","10":"product_tag-wildpflanzen","11":"product_shipping_class-paket","13":"first","14":"onbackorder","15":"taxable","16":"shipping-taxable","17":"purchasable","18":"product-type-simple"},"_links":{"self":[{"href":"https:\/\/shop.mittgard.de\/index.php?rest_route=\/wp\/v2\/product\/7854","targetHints":{"allow":["GET"]}}],"collection":[{"href":"https:\/\/shop.mittgard.de\/index.php?rest_route=\/wp\/v2\/product"}],"about":[{"href":"https:\/\/shop.mittgard.de\/index.php?rest_route=\/wp\/v2\/types\/product"}],"wp:featuredmedia":[{"embeddable":true,"href":"https:\/\/shop.mittgard.de\/index.php?rest_route=\/wp\/v2\/media\/7855"}],"wp:attachment":[{"href":"https:\/\/shop.mittgard.de\/index.php?rest_route=%2Fwp%2Fv2%2Fmedia&parent=7854"}],"wp:term":[{"taxonomy":"product_brand","embeddable":true,"href":"https:\/\/shop.mittgard.de\/index.php?rest_route=%2Fwp%2Fv2%2Fproduct_brand&post=7854"},{"taxonomy":"product_cat","embeddable":true,"href":"https:\/\/shop.mittgard.de\/index.php?rest_route=%2Fwp%2Fv2%2Fproduct_cat&post=7854"},{"taxonomy":"product_tag","embeddable":true,"href":"https:\/\/shop.mittgard.de\/index.php?rest_route=%2Fwp%2Fv2%2Fproduct_tag&post=7854"}],"curies":[{"name":"wp","href":"https:\/\/api.w.org\/{rel}","templated":true}]}}