{"id":7938,"date":"2019-07-03T16:41:53","date_gmt":"2019-07-03T14:41:53","guid":{"rendered":"http:\/\/shop.mittgard.de\/?post_type=product&#038;p=7938"},"modified":"2024-12-13T13:45:57","modified_gmt":"2024-12-13T12:45:57","slug":"ringfibel-einfach-bronze","status":"publish","type":"product","link":"https:\/\/shop.mittgard.de\/?product=ringfibel-einfach-bronze","title":{"rendered":"Ringfibel, einfach Bronze"},"content":{"rendered":"<p>einfache Ringfibel aus Bronze mit zierlichen Ritzverzierungen<\/p>\n<p>\u2205 2,5 cm<\/p>\n<p>zum Verschlie\u00dfen von leichten T\u00fcchern, an M\u00fctzen oder Beinwickeln<\/p>\n","protected":false},"excerpt":{"rendered":"<p>einfache Ringfibel aus Bronze mit zierlichen Ritzverzierungen \u2205 2,5 cm zum Verschlie\u00dfen von leichten T\u00fcchern, an M\u00fctzen oder Beinwickeln<\/p>\n","protected":false},"featured_media":7939,"template":"","meta":[],"product_brand":[],"product_cat":[475,456,455],"product_tag":[472,889,916],"class_list":{"0":"post-7938","1":"product","2":"type-product","3":"status-publish","4":"has-post-thumbnail","6":"product_cat-fibeln","7":"product_cat-germanen-wikinger","8":"product_cat-schmuck","9":"product_tag-bronze","10":"product_tag-ringfibel","11":"product_tag-wadenwickel","12":"product_shipping_class-brief","14":"first","15":"onbackorder","16":"taxable","17":"shipping-taxable","18":"purchasable","19":"product-type-simple"},"_links":{"self":[{"href":"https:\/\/shop.mittgard.de\/index.php?rest_route=\/wp\/v2\/product\/7938","targetHints":{"allow":["GET"]}}],"collection":[{"href":"https:\/\/shop.mittgard.de\/index.php?rest_route=\/wp\/v2\/product"}],"about":[{"href":"https:\/\/shop.mittgard.de\/index.php?rest_route=\/wp\/v2\/types\/product"}],"wp:featuredmedia":[{"embeddable":true,"href":"https:\/\/shop.mittgard.de\/index.php?rest_route=\/wp\/v2\/media\/7939"}],"wp:attachment":[{"href":"https:\/\/shop.mittgard.de\/index.php?rest_route=%2Fwp%2Fv2%2Fmedia&parent=7938"}],"wp:term":[{"taxonomy":"product_brand","embeddable":true,"href":"https:\/\/shop.mittgard.de\/index.php?rest_route=%2Fwp%2Fv2%2Fproduct_brand&post=7938"},{"taxonomy":"product_cat","embeddable":true,"href":"https:\/\/shop.mittgard.de\/index.php?rest_route=%2Fwp%2Fv2%2Fproduct_cat&post=7938"},{"taxonomy":"product_tag","embeddable":true,"href":"https:\/\/shop.mittgard.de\/index.php?rest_route=%2Fwp%2Fv2%2Fproduct_tag&post=7938"}],"curies":[{"name":"wp","href":"https:\/\/api.w.org\/{rel}","templated":true}]}}