{"id":7942,"date":"2019-07-03T16:50:10","date_gmt":"2019-07-03T14:50:10","guid":{"rendered":"http:\/\/shop.mittgard.de\/?post_type=product&#038;p=7942"},"modified":"2024-12-13T13:49:39","modified_gmt":"2024-12-13T12:49:39","slug":"schildkroetenfibel-bronze","status":"publish","type":"product","link":"https:\/\/shop.mittgard.de\/?product=schildkroetenfibel-bronze","title":{"rendered":"Schildkr\u00f6tenfibel Bronze"},"content":{"rendered":"<p>typische Schildkr\u00f6tenfibel aus der Wikingerzeit mit \u00d6sen zum Befestigen von Ketten, Gr\u00f6\u00dfe: 7,30 x 3,50 cm, ca. 80 g schwer<\/p>\n<p>wurde Paarweise an den Sch\u00fcrzentr\u00e4gern getragen<\/p>\n<p>Preis f\u00fcr eine Fibel!<\/p>\n","protected":false},"excerpt":{"rendered":"<p>typische Schildkr\u00f6tenfibel aus der Wikingerzeit mit \u00d6sen zum Befestigen von Ketten, Gr\u00f6\u00dfe: 7,30 x 3,50 cm, ca. 80 g schwer wurde Paarweise an den Sch\u00fcrzentr\u00e4gern getragen Preis f\u00fcr eine Fibel!<\/p>\n","protected":false},"featured_media":7943,"template":"","meta":[],"product_brand":[],"product_cat":[475,456,455],"product_tag":[915,938,311],"class_list":{"0":"post-7942","1":"product","2":"type-product","3":"status-publish","4":"has-post-thumbnail","6":"product_cat-fibeln","7":"product_cat-germanen-wikinger","8":"product_cat-schmuck","9":"product_tag-fibel","10":"product_tag-traegerrock","11":"product_tag-wikinger","12":"product_shipping_class-brief","14":"first","15":"onbackorder","16":"taxable","17":"shipping-taxable","18":"purchasable","19":"product-type-simple"},"_links":{"self":[{"href":"https:\/\/shop.mittgard.de\/index.php?rest_route=\/wp\/v2\/product\/7942","targetHints":{"allow":["GET"]}}],"collection":[{"href":"https:\/\/shop.mittgard.de\/index.php?rest_route=\/wp\/v2\/product"}],"about":[{"href":"https:\/\/shop.mittgard.de\/index.php?rest_route=\/wp\/v2\/types\/product"}],"wp:featuredmedia":[{"embeddable":true,"href":"https:\/\/shop.mittgard.de\/index.php?rest_route=\/wp\/v2\/media\/7943"}],"wp:attachment":[{"href":"https:\/\/shop.mittgard.de\/index.php?rest_route=%2Fwp%2Fv2%2Fmedia&parent=7942"}],"wp:term":[{"taxonomy":"product_brand","embeddable":true,"href":"https:\/\/shop.mittgard.de\/index.php?rest_route=%2Fwp%2Fv2%2Fproduct_brand&post=7942"},{"taxonomy":"product_cat","embeddable":true,"href":"https:\/\/shop.mittgard.de\/index.php?rest_route=%2Fwp%2Fv2%2Fproduct_cat&post=7942"},{"taxonomy":"product_tag","embeddable":true,"href":"https:\/\/shop.mittgard.de\/index.php?rest_route=%2Fwp%2Fv2%2Fproduct_tag&post=7942"}],"curies":[{"name":"wp","href":"https:\/\/api.w.org\/{rel}","templated":true}]}}