{"id":7946,"date":"2019-07-03T16:54:20","date_gmt":"2019-07-03T14:54:20","guid":{"rendered":"http:\/\/shop.mittgard.de\/?post_type=product&#038;p=7946"},"modified":"2024-12-13T13:38:41","modified_gmt":"2024-12-13T12:38:41","slug":"buegelfibel-germanisch-bronze","status":"publish","type":"product","link":"https:\/\/shop.mittgard.de\/?product=buegelfibel-germanisch-bronze","title":{"rendered":"B\u00fcgelfibel, germanisch Bronze"},"content":{"rendered":"<p>Nachbildung einer germanischen B\u00fcgelfibel aus der V\u00f6lkerwanderungszeit, 5.Jh.<\/p>\n<p>8 x 5,3 cm gro\u00df<\/p>\n<p>Schmuckbronze<\/p>\n<p>Wurde als Mantelschlie\u00dfe getragen.<\/p>\n","protected":false},"excerpt":{"rendered":"<p>Nachbildung einer germanischen B\u00fcgelfibel aus der V\u00f6lkerwanderungszeit, 5.Jh. 8 x 5,3 cm gro\u00df Schmuckbronze Wurde als Mantelschlie\u00dfe getragen.<\/p>\n","protected":false},"featured_media":7947,"template":"","meta":[],"product_brand":[],"product_cat":[475,456,455],"product_tag":[472,336,940,939],"class_list":{"0":"post-7946","1":"product","2":"type-product","3":"status-publish","4":"has-post-thumbnail","6":"product_cat-fibeln","7":"product_cat-germanen-wikinger","8":"product_cat-schmuck","9":"product_tag-bronze","10":"product_tag-germanen","11":"product_tag-mantelschliesse","12":"product_tag-voelkerwanderung","13":"product_shipping_class-brief","15":"first","16":"instock","17":"taxable","18":"shipping-taxable","19":"purchasable","20":"product-type-simple"},"_links":{"self":[{"href":"https:\/\/shop.mittgard.de\/index.php?rest_route=\/wp\/v2\/product\/7946","targetHints":{"allow":["GET"]}}],"collection":[{"href":"https:\/\/shop.mittgard.de\/index.php?rest_route=\/wp\/v2\/product"}],"about":[{"href":"https:\/\/shop.mittgard.de\/index.php?rest_route=\/wp\/v2\/types\/product"}],"wp:featuredmedia":[{"embeddable":true,"href":"https:\/\/shop.mittgard.de\/index.php?rest_route=\/wp\/v2\/media\/7947"}],"wp:attachment":[{"href":"https:\/\/shop.mittgard.de\/index.php?rest_route=%2Fwp%2Fv2%2Fmedia&parent=7946"}],"wp:term":[{"taxonomy":"product_brand","embeddable":true,"href":"https:\/\/shop.mittgard.de\/index.php?rest_route=%2Fwp%2Fv2%2Fproduct_brand&post=7946"},{"taxonomy":"product_cat","embeddable":true,"href":"https:\/\/shop.mittgard.de\/index.php?rest_route=%2Fwp%2Fv2%2Fproduct_cat&post=7946"},{"taxonomy":"product_tag","embeddable":true,"href":"https:\/\/shop.mittgard.de\/index.php?rest_route=%2Fwp%2Fv2%2Fproduct_tag&post=7946"}],"curies":[{"name":"wp","href":"https:\/\/api.w.org\/{rel}","templated":true}]}}