{"id":799,"date":"2018-03-07T00:40:31","date_gmt":"2018-03-06T23:40:31","guid":{"rendered":"http:\/\/shop.mittgard.de\/?product=import-placeholder-for-214"},"modified":"2024-12-14T16:43:47","modified_gmt":"2024-12-14T15:43:47","slug":"faerberginster-100g-2","status":"publish","type":"product","link":"https:\/\/shop.mittgard.de\/?product=faerberginster-100g-2","title":{"rendered":"F\u00e4rberginster, Kraut, geschnitten (100g)"},"content":{"rendered":"<p>Kraut, geschnitten<\/p>\n<p>f\u00e4rbt gelb &#8211; gr\u00fcn<\/p>\n<blockquote>\n<p class=\"western\" align=\"center\">F\u00e4rben mit F\u00e4rberginster \u2013 Gelb<\/p>\n<p class=\"western\">Beize: 15 g Alaun, 6 g Weinstein<\/p>\n<p class=\"western\">F\u00e4rben: 100 g feingeschnittene Ginsterspitzen werden \u00fcber Nacht eingeweicht, eine Stunde lang ausgekocht und durch ein Tuch filtriert. Die auf 5 l aufgef\u00fcllte Farbflotte wird auf 30\u00b0C erw\u00e4rmt, das F\u00e4rbegut wird eingelegt und je nach Material auf 100\u00b0C bzw. 70\u00b0C erhitzt. Die F\u00e4rbezeit betr\u00e4gt eine Stunde.<\/p>\n<\/blockquote>\n","protected":false},"excerpt":{"rendered":"<p>Kraut, geschnitten f\u00e4rbt gelb &#8211; gr\u00fcn F\u00e4rben mit F\u00e4rberginster \u2013 Gelb Beize: 15 g Alaun, 6 g Weinstein F\u00e4rben: 100 g feingeschnittene Ginsterspitzen werden \u00fcber Nacht eingeweicht, eine Stunde lang ausgekocht und durch ein Tuch filtriert. Die auf 5 l aufgef\u00fcllte Farbflotte wird auf 30\u00b0C erw\u00e4rmt, das F\u00e4rbegut wird eingelegt und je nach Material auf &hellip; <\/p>\n<p class=\"link-more\"><a href=\"https:\/\/shop.mittgard.de\/?product=faerberginster-100g-2\" class=\"more-link\"><span class=\"screen-reader-text\">\u201eF\u00e4rberginster, Kraut, geschnitten (100g)\u201c <\/span>weiterlesen<\/a><\/p>\n","protected":false},"featured_media":1185,"template":"","meta":[],"product_brand":[],"product_cat":[38,16],"product_tag":[90,91],"class_list":{"0":"post-799","1":"product","2":"type-product","3":"status-publish","4":"has-post-thumbnail","6":"product_cat-faerbekraeuter","7":"product_cat-kraeuter","8":"product_tag-gelb","9":"product_tag-gruen","10":"product_shipping_class-paket","12":"first","13":"instock","14":"taxable","15":"shipping-taxable","16":"purchasable","17":"product-type-simple"},"_links":{"self":[{"href":"https:\/\/shop.mittgard.de\/index.php?rest_route=\/wp\/v2\/product\/799","targetHints":{"allow":["GET"]}}],"collection":[{"href":"https:\/\/shop.mittgard.de\/index.php?rest_route=\/wp\/v2\/product"}],"about":[{"href":"https:\/\/shop.mittgard.de\/index.php?rest_route=\/wp\/v2\/types\/product"}],"wp:featuredmedia":[{"embeddable":true,"href":"https:\/\/shop.mittgard.de\/index.php?rest_route=\/wp\/v2\/media\/1185"}],"wp:attachment":[{"href":"https:\/\/shop.mittgard.de\/index.php?rest_route=%2Fwp%2Fv2%2Fmedia&parent=799"}],"wp:term":[{"taxonomy":"product_brand","embeddable":true,"href":"https:\/\/shop.mittgard.de\/index.php?rest_route=%2Fwp%2Fv2%2Fproduct_brand&post=799"},{"taxonomy":"product_cat","embeddable":true,"href":"https:\/\/shop.mittgard.de\/index.php?rest_route=%2Fwp%2Fv2%2Fproduct_cat&post=799"},{"taxonomy":"product_tag","embeddable":true,"href":"https:\/\/shop.mittgard.de\/index.php?rest_route=%2Fwp%2Fv2%2Fproduct_tag&post=799"}],"curies":[{"name":"wp","href":"https:\/\/api.w.org\/{rel}","templated":true}]}}