{"id":801,"date":"2018-03-07T00:40:31","date_gmt":"2018-03-06T23:40:31","guid":{"rendered":"http:\/\/shop.mittgard.de\/?product=import-placeholder-for-216"},"modified":"2026-03-25T12:12:08","modified_gmt":"2026-03-25T11:12:08","slug":"faerberwau-reseda-100g","status":"publish","type":"product","link":"https:\/\/shop.mittgard.de\/?product=faerberwau-reseda-100g","title":{"rendered":"F\u00e4rberwau (Reseda), Kraut, geschnitten (100g)"},"content":{"rendered":"<p>Kraut, geschnitten<\/p>\n<p>f\u00e4rbt gelb &#8211; hellbraun<\/p>\n<blockquote>\n<p class=\"western\" align=\"center\"><strong> F\u00e4rben mit Wau \u2013 Zitronengelb<\/strong><\/p>\n<p class=\"western\">Beize: 22 g Alaun, 3 g Weinstein<\/p>\n<p class=\"western\">F\u00e4rben: 60 g Wau (frisch oder getrocknet) wird geschnitten und \u00fcber Nacht eingeweicht (auf 60 g Wau 3 l Wasser), anschlie\u00dfend eine Stunde gekocht und durch ein Tuch filtriert. Die Farbflotte wird auf 30 \u00b0C erw\u00e4rmt, 5 g Kreide (Calziumkarbonat) hinzugef\u00fcgt und das F\u00e4rbegut eingelegt. Allm\u00e4hlich wird die Farbflotte bis auf 80\u00b0C erhitzt. (Wau soll nicht kochen, da sonst die leuchtend gelbe Farbe verloren geht) und eine Stunde im Farbbad belassen.<\/p>\n<p class=\"western\" align=\"center\"><strong> F\u00e4rben mit Indigo und F\u00e4rberwau \u2013 Gr\u00fcn<\/strong><\/p>\n<p class=\"western\">Erste F\u00e4rbung: wie zuvor; nur ohne Sp\u00fclen trocknen.<\/p>\n<p class=\"western\">\u00dcberf\u00e4rben mit Indigo: 4 l Wasser auf 40\u00b0C erw\u00e4rmen, 2-3 Tropfen Indigo \u2013 Schwefel \u2013 Mischung hinzuf\u00fcgen und gut umr\u00fchren. Das mit lauwarmen Wasser gut angefeuchtete F\u00e4rbegut hinzugeben, wenden und herausnehmen, nochmals 2 Tropfen Mischung hinzuf\u00fcgen und den Vorgang solange wiederholen, bis das gew\u00fcnschte Gr\u00fcn erscheint. Ca. 30 Min. auf 70\u00b0C in der letzten Farbflotte lassen, herausnehmen und trocknen.<\/p>\n<\/blockquote>\n","protected":false},"excerpt":{"rendered":"<p>Kraut, geschnitten f\u00e4rbt gelb &#8211; hellbraun F\u00e4rben mit Wau \u2013 Zitronengelb Beize: 22 g Alaun, 3 g Weinstein F\u00e4rben: 60 g Wau (frisch oder getrocknet) wird geschnitten und \u00fcber Nacht eingeweicht (auf 60 g Wau 3 l Wasser), anschlie\u00dfend eine Stunde gekocht und durch ein Tuch filtriert. Die Farbflotte wird auf 30 \u00b0C erw\u00e4rmt, 5 &hellip; <\/p>\n<p class=\"link-more\"><a href=\"https:\/\/shop.mittgard.de\/?product=faerberwau-reseda-100g\" class=\"more-link\"><span class=\"screen-reader-text\">\u201eF\u00e4rberwau (Reseda), Kraut, geschnitten (100g)\u201c <\/span>weiterlesen<\/a><\/p>\n","protected":false},"featured_media":1183,"template":"","meta":[],"product_brand":[],"product_cat":[38,16],"product_tag":[88,90],"class_list":{"0":"post-801","1":"product","2":"type-product","3":"status-publish","4":"has-post-thumbnail","6":"product_cat-faerbekraeuter","7":"product_cat-kraeuter","8":"product_tag-braun","9":"product_tag-gelb","10":"product_shipping_class-paket","12":"first","13":"instock","14":"taxable","15":"shipping-taxable","16":"purchasable","17":"product-type-simple"},"_links":{"self":[{"href":"https:\/\/shop.mittgard.de\/index.php?rest_route=\/wp\/v2\/product\/801","targetHints":{"allow":["GET"]}}],"collection":[{"href":"https:\/\/shop.mittgard.de\/index.php?rest_route=\/wp\/v2\/product"}],"about":[{"href":"https:\/\/shop.mittgard.de\/index.php?rest_route=\/wp\/v2\/types\/product"}],"wp:featuredmedia":[{"embeddable":true,"href":"https:\/\/shop.mittgard.de\/index.php?rest_route=\/wp\/v2\/media\/1183"}],"wp:attachment":[{"href":"https:\/\/shop.mittgard.de\/index.php?rest_route=%2Fwp%2Fv2%2Fmedia&parent=801"}],"wp:term":[{"taxonomy":"product_brand","embeddable":true,"href":"https:\/\/shop.mittgard.de\/index.php?rest_route=%2Fwp%2Fv2%2Fproduct_brand&post=801"},{"taxonomy":"product_cat","embeddable":true,"href":"https:\/\/shop.mittgard.de\/index.php?rest_route=%2Fwp%2Fv2%2Fproduct_cat&post=801"},{"taxonomy":"product_tag","embeddable":true,"href":"https:\/\/shop.mittgard.de\/index.php?rest_route=%2Fwp%2Fv2%2Fproduct_tag&post=801"}],"curies":[{"name":"wp","href":"https:\/\/api.w.org\/{rel}","templated":true}]}}