{"id":8015,"date":"2019-07-03T18:02:29","date_gmt":"2019-07-03T16:02:29","guid":{"rendered":"http:\/\/shop.mittgard.de\/?post_type=product&#038;p=8015"},"modified":"2024-12-16T12:32:19","modified_gmt":"2024-12-16T11:32:19","slug":"otzen-barbara-und-hans-ritterspeisen","status":"publish","type":"product","link":"https:\/\/shop.mittgard.de\/?product=otzen-barbara-und-hans-ritterspeisen","title":{"rendered":"Otzen, Barbara und Hans &#8222;Ritterspeisen&#8220;"},"content":{"rendered":"<p>Das Beste aus der mittelalterlichen Burgherrenk\u00fcche<\/p>\n<p>Kurzweyl in der K\u00fcche, Schlemmerey an der Tafel!<\/p>\n<p>Setzen Sie sich an die gedeckte Tafel und schlemmen Sie sich durch die Spezialit\u00e4ten der mittelalterlichen Welt. Genie\u00dfen Sie die Speisen, die sich in fr\u00fcheren Zeiten die Ritter, Burgherren und der Adel servieren lie\u00dfen. Dieses bunte und kenntnisreiche Kochbuch macht Sie im Handumdrehen zu einem Gourmet des Mittelalters. Durchgehend farbig gestaltet, enth\u00e4lt es mehr als 50 tolle Rezepte aus der Burgherren-K\u00fcche, davon viele Zutaten aus heimischen Regionen.<\/p>\n<p>Kochen und genie\u00dfen Sie leckere Gerichte aus Getreide, mit Gem\u00fcse, Fleisch oder Fisch. Ob Gerichte f\u00fcr Festtage wie Lammkeule, Hirschragout oder Karpfen auf Gem\u00fcsebett, ob Backwerk wie Landbrot oder Nervenkekse \u00e0 la Hildegard von Bingen &#8211; f\u00fcr all jene, die in der K\u00fcche mehr Kurtzweyl m\u00f6chten, ist dies das ideale Buch! Mit aufschlussreichen Exkursen zur mittelalterlichen Kr\u00e4uterey, zur Jagd und zu original mittelalterlichen Kochb\u00fcchern.<\/p>\n<p>Barbara und Hans Otzen haben bereits zahlreiche B\u00fccher ver\u00f6ffentlicht, ihr Schwerpunkt liegt dabei auf historischen und kulturellen Themen. Neben anderen ragen dabei &#8222;Mittelalterliche Bauten im Rheinland&#8220; sowie &#8222;Kleine Kurpf\u00e4lzer Landesgeschichte&#8220; heraus, die ebenfalls im Regionalia Verlag erschienen sind.<\/p>\n<p>Gebundene Ausgabe, 96 Seiten<\/p>\n","protected":false},"excerpt":{"rendered":"<p>HC<\/p>\n","protected":false},"featured_media":8016,"template":"","meta":[],"product_brand":[],"product_cat":[185,206],"product_tag":[947,236],"class_list":{"0":"post-8015","1":"product","2":"type-product","3":"status-publish","4":"has-post-thumbnail","6":"product_cat-literatur","7":"product_cat-naturkost","8":"product_tag-kochbuch","9":"product_tag-mittelalter","10":"product_shipping_class-paket","12":"first","13":"onbackorder","14":"taxable","15":"shipping-taxable","16":"purchasable","17":"product-type-simple"},"_links":{"self":[{"href":"https:\/\/shop.mittgard.de\/index.php?rest_route=\/wp\/v2\/product\/8015","targetHints":{"allow":["GET"]}}],"collection":[{"href":"https:\/\/shop.mittgard.de\/index.php?rest_route=\/wp\/v2\/product"}],"about":[{"href":"https:\/\/shop.mittgard.de\/index.php?rest_route=\/wp\/v2\/types\/product"}],"wp:featuredmedia":[{"embeddable":true,"href":"https:\/\/shop.mittgard.de\/index.php?rest_route=\/wp\/v2\/media\/8016"}],"wp:attachment":[{"href":"https:\/\/shop.mittgard.de\/index.php?rest_route=%2Fwp%2Fv2%2Fmedia&parent=8015"}],"wp:term":[{"taxonomy":"product_brand","embeddable":true,"href":"https:\/\/shop.mittgard.de\/index.php?rest_route=%2Fwp%2Fv2%2Fproduct_brand&post=8015"},{"taxonomy":"product_cat","embeddable":true,"href":"https:\/\/shop.mittgard.de\/index.php?rest_route=%2Fwp%2Fv2%2Fproduct_cat&post=8015"},{"taxonomy":"product_tag","embeddable":true,"href":"https:\/\/shop.mittgard.de\/index.php?rest_route=%2Fwp%2Fv2%2Fproduct_tag&post=8015"}],"curies":[{"name":"wp","href":"https:\/\/api.w.org\/{rel}","templated":true}]}}