{"id":8034,"date":"2019-07-08T10:22:07","date_gmt":"2019-07-08T08:22:07","guid":{"rendered":"http:\/\/shop.mittgard.de\/?post_type=product&#038;p=8034"},"modified":"2025-09-19T15:16:39","modified_gmt":"2025-09-19T13:16:39","slug":"fritz-feik-midgard-auf-den-spuren-der-wikinger-band-2","status":"publish","type":"product","link":"https:\/\/shop.mittgard.de\/?product=fritz-feik-midgard-auf-den-spuren-der-wikinger-band-2","title":{"rendered":"Fritz, Heiko &#8222;Midgard &#8211; Auf den Spuren der Wikinger&#8220; Band 2"},"content":{"rendered":"<p>Band 2: S\u00fcdschweden &#8211; Sk\u00e5ne und Blekinge<\/p>\n<p>Dieses Buch ist kein &#8222;normaler&#8220; Reisef\u00fchrer. Der Leser wird auf die Spuren der Wikinger entf\u00fchrt, jenen ber\u00fchmten und ber\u00fcchtigten Nordm\u00e4nnern.<\/p>\n<p>Die Reise geht in ber\u00fchmte Museen und Burgen dieser Zeit. Aber auch wenig bekannte Pl\u00e4tze, Runensteine und Gr\u00e4berfelder in Sk\u00e5ne\/Blekinge werden gezeigt und ausf\u00fchrlich beschrieben.<\/p>\n<p>Der Reisef\u00fchrer soll animieren, diese sch\u00f6nen Pl\u00e4tze ebenfalls aufzusuchen und das Gef\u00fchl von hautnaher Geschichte live zu erleben. Dieser Reisef\u00fchrer ist unverzichtbar f\u00fcr alle Wikinger-Fans. Wer die Nordm\u00e4nner liebt, wird ohne diesen Reisef\u00fchrer nicht mehr verreisen wollen!<\/p>\n<p>Taschenbuch, 156 Seiten<\/p>\n","protected":false},"excerpt":{"rendered":"<p>Br<\/p>\n","protected":false},"featured_media":8035,"template":"","meta":[],"product_brand":[],"product_cat":[187,193,185],"product_tag":[308,309,310,394,311],"class_list":{"0":"post-8034","1":"product","2":"type-product","3":"status-publish","4":"has-post-thumbnail","6":"product_cat-alternativ-reisen","7":"product_cat-germanen","8":"product_cat-literatur","9":"product_tag-archaeologie","10":"product_tag-museum","11":"product_tag-reisefuehrer","12":"product_tag-schweden","13":"product_tag-wikinger","14":"product_shipping_class-paket","16":"first","17":"instock","18":"taxable","19":"shipping-taxable","20":"purchasable","21":"product-type-simple"},"_links":{"self":[{"href":"https:\/\/shop.mittgard.de\/index.php?rest_route=\/wp\/v2\/product\/8034","targetHints":{"allow":["GET"]}}],"collection":[{"href":"https:\/\/shop.mittgard.de\/index.php?rest_route=\/wp\/v2\/product"}],"about":[{"href":"https:\/\/shop.mittgard.de\/index.php?rest_route=\/wp\/v2\/types\/product"}],"wp:featuredmedia":[{"embeddable":true,"href":"https:\/\/shop.mittgard.de\/index.php?rest_route=\/wp\/v2\/media\/8035"}],"wp:attachment":[{"href":"https:\/\/shop.mittgard.de\/index.php?rest_route=%2Fwp%2Fv2%2Fmedia&parent=8034"}],"wp:term":[{"taxonomy":"product_brand","embeddable":true,"href":"https:\/\/shop.mittgard.de\/index.php?rest_route=%2Fwp%2Fv2%2Fproduct_brand&post=8034"},{"taxonomy":"product_cat","embeddable":true,"href":"https:\/\/shop.mittgard.de\/index.php?rest_route=%2Fwp%2Fv2%2Fproduct_cat&post=8034"},{"taxonomy":"product_tag","embeddable":true,"href":"https:\/\/shop.mittgard.de\/index.php?rest_route=%2Fwp%2Fv2%2Fproduct_tag&post=8034"}],"curies":[{"name":"wp","href":"https:\/\/api.w.org\/{rel}","templated":true}]}}